{"id":3623,"date":"2023-10-26T17:19:54","date_gmt":"2023-10-26T17:19:54","guid":{"rendered":"https:\/\/www.electricosinter.com\/?page_id=3623"},"modified":"2024-12-12T18:24:24","modified_gmt":"2024-12-12T18:24:24","slug":"caja_d_proteccion","status":"publish","type":"page","link":"https:\/\/www.electricosinter.com\/en\/caja_d_proteccion\/","title":{"rendered":"Low voltage protection box"},"content":{"rendered":"<div data-elementor-type=\"wp-page\" data-elementor-id=\"3623\" class=\"elementor elementor-3623\" data-elementor-post-type=\"page\">\n\t\t\t\t\t\t<section class=\"elementor-section elementor-top-section elementor-element elementor-element-caedf43 elementor-section-boxed elementor-section-height-default elementor-section-height-default\" data-id=\"caedf43\" data-element_type=\"section\" data-e-type=\"section\" data-settings=\"{&quot;background_background&quot;:&quot;classic&quot;}\">\n\t\t\t\t\t\t<div class=\"elementor-container elementor-column-gap-default\">\n\t\t\t\t\t<div class=\"elementor-column elementor-col-100 elementor-top-column elementor-element elementor-element-83ab58b\" data-id=\"83ab58b\" data-element_type=\"column\" data-e-type=\"column\">\n\t\t\t<div class=\"elementor-widget-wrap elementor-element-populated\">\n\t\t\t\t\t\t<div class=\"elementor-element elementor-element-dc9aefb elementor-widget elementor-widget-spacer\" data-id=\"dc9aefb\" data-element_type=\"widget\" data-e-type=\"widget\" data-widget_type=\"spacer.default\">\n\t\t\t\t<div class=\"elementor-widget-container\">\n\t\t\t\t\t\t\t<div class=\"elementor-spacer\">\n\t\t\t<div class=\"elementor-spacer-inner\"><\/div>\n\t\t<\/div>\n\t\t\t\t\t\t<\/div>\n\t\t\t\t<\/div>\n\t\t\t\t<div class=\"elementor-element elementor-element-22243e3 elementor-widget elementor-widget-image\" data-id=\"22243e3\" data-element_type=\"widget\" data-e-type=\"widget\" data-widget_type=\"image.default\">\n\t\t\t\t<div class=\"elementor-widget-container\">\n\t\t\t\t\t\t\t\t\t\t\t\t\t\t\t<img decoding=\"async\" src=\"https:\/\/www.electricosinter.com\/wp-content\/uploads\/elementor\/thumbs\/caja-contra-sobrevoltaje-r7s2b45y0u33zc2trrvemwx1fkwb6hr2avasc7fcxs.webp\" title=\"caja contra sobrevoltaje\" alt=\"caja contra sobrevoltaje\" loading=\"lazy\" \/>\t\t\t\t\t\t\t\t\t\t\t\t\t\t\t<\/div>\n\t\t\t\t<\/div>\n\t\t\t\t\t<\/div>\n\t\t<\/div>\n\t\t\t\t\t<\/div>\n\t\t<\/section>\n\t\t\t\t<section class=\"elementor-section elementor-top-section elementor-element elementor-element-f92e2dc elementor-section-boxed elementor-section-height-default elementor-section-height-default\" data-id=\"f92e2dc\" data-element_type=\"section\" data-e-type=\"section\" data-settings=\"{&quot;background_background&quot;:&quot;classic&quot;}\">\n\t\t\t\t\t\t<div class=\"elementor-container elementor-column-gap-default\">\n\t\t\t\t\t<div class=\"elementor-column elementor-col-100 elementor-top-column elementor-element elementor-element-c5038e0\" data-id=\"c5038e0\" data-element_type=\"column\" data-e-type=\"column\">\n\t\t\t<div class=\"elementor-widget-wrap elementor-element-populated\">\n\t\t\t\t\t\t<div class=\"elementor-element elementor-element-d65bbe4 elementor-widget__width-initial elementor-invisible elementor-widget elementor-widget-heading\" data-id=\"d65bbe4\" data-element_type=\"widget\" data-e-type=\"widget\" data-settings=\"{&quot;_animation&quot;:&quot;fadeIn&quot;,&quot;_animation_delay&quot;:&quot;200&quot;}\" data-widget_type=\"heading.default\">\n\t\t\t\t<div class=\"elementor-widget-container\">\n\t\t\t\t\t<h1 class=\"elementor-heading-title elementor-size-default\">LOW <br> VOLTAGE <br> PROTECTION  <br>BOX<\/h1>\t\t\t\t<\/div>\n\t\t\t\t<\/div>\n\t\t\t\t\t<\/div>\n\t\t<\/div>\n\t\t\t\t\t<\/div>\n\t\t<\/section>\n\t\t\t\t<section class=\"elementor-section elementor-top-section elementor-element elementor-element-da40dbb elementor-section-boxed elementor-section-height-default elementor-section-height-default\" data-id=\"da40dbb\" data-element_type=\"section\" data-e-type=\"section\" data-settings=\"{&quot;background_background&quot;:&quot;classic&quot;}\">\n\t\t\t\t\t\t<div class=\"elementor-container elementor-column-gap-default\">\n\t\t\t\t\t<div class=\"elementor-column elementor-col-33 elementor-top-column elementor-element elementor-element-60b2d68\" data-id=\"60b2d68\" data-element_type=\"column\" data-e-type=\"column\">\n\t\t\t<div class=\"elementor-widget-wrap\">\n\t\t\t\t\t\t\t<\/div>\n\t\t<\/div>\n\t\t\t\t<div class=\"elementor-column elementor-col-33 elementor-top-column elementor-element elementor-element-89772cb\" data-id=\"89772cb\" data-element_type=\"column\" data-e-type=\"column\">\n\t\t\t<div class=\"elementor-widget-wrap elementor-element-populated\">\n\t\t\t\t\t\t<div class=\"elementor-element elementor-element-878fc59 elementor-widget elementor-widget-spacer\" data-id=\"878fc59\" data-element_type=\"widget\" data-e-type=\"widget\" data-widget_type=\"spacer.default\">\n\t\t\t\t<div class=\"elementor-widget-container\">\n\t\t\t\t\t\t\t<div class=\"elementor-spacer\">\n\t\t\t<div class=\"elementor-spacer-inner\"><\/div>\n\t\t<\/div>\n\t\t\t\t\t\t<\/div>\n\t\t\t\t<\/div>\n\t\t\t\t\t<\/div>\n\t\t<\/div>\n\t\t\t\t<div class=\"elementor-column elementor-col-33 elementor-top-column elementor-element elementor-element-dc54c8a\" data-id=\"dc54c8a\" data-element_type=\"column\" data-e-type=\"column\">\n\t\t\t<div class=\"elementor-widget-wrap elementor-element-populated\">\n\t\t\t\t\t\t<div class=\"elementor-element elementor-element-924cd5c elementor-mobile-align-center elementor-widget elementor-widget-button\" data-id=\"924cd5c\" data-element_type=\"widget\" data-e-type=\"widget\" data-widget_type=\"button.default\">\n\t\t\t\t<div class=\"elementor-widget-container\">\n\t\t\t\t\t\t\t\t\t<div class=\"elementor-button-wrapper\">\n\t\t\t\t\t<a class=\"elementor-button elementor-button-link elementor-size-sm\" href=\"https:\/\/www.electricosinter.com\/en\/contact\/\">\n\t\t\t\t\t\t<span class=\"elementor-button-content-wrapper\">\n\t\t\t\t\t\t<span class=\"elementor-button-icon\">\n\t\t\t\t<i aria-hidden=\"true\" class=\"fas fa-long-arrow-alt-right\"><\/i>\t\t\t<\/span>\n\t\t\t\t\t\t\t\t\t<span class=\"elementor-button-text\">Contact<\/span>\n\t\t\t\t\t<\/span>\n\t\t\t\t\t<\/a>\n\t\t\t\t<\/div>\n\t\t\t\t\t\t\t\t<\/div>\n\t\t\t\t<\/div>\n\t\t\t\t<div class=\"elementor-element elementor-element-84321df elementor-mobile-align-center elementor-widget elementor-widget-button\" data-id=\"84321df\" data-element_type=\"widget\" data-e-type=\"widget\" data-widget_type=\"button.default\">\n\t\t\t\t<div class=\"elementor-widget-container\">\n\t\t\t\t\t\t\t\t\t<div class=\"elementor-button-wrapper\">\n\t\t\t\t\t<a class=\"elementor-button elementor-button-link elementor-size-sm\" href=\"https:\/\/www.electricosinter.com\/en\/inicio\/catalogos\/\">\n\t\t\t\t\t\t<span class=\"elementor-button-content-wrapper\">\n\t\t\t\t\t\t<span class=\"elementor-button-icon\">\n\t\t\t\t<i aria-hidden=\"true\" class=\"fas fa-long-arrow-alt-right\"><\/i>\t\t\t<\/span>\n\t\t\t\t\t\t\t\t\t<span class=\"elementor-button-text\">Catalogues<\/span>\n\t\t\t\t\t<\/span>\n\t\t\t\t\t<\/a>\n\t\t\t\t<\/div>\n\t\t\t\t\t\t\t\t<\/div>\n\t\t\t\t<\/div>\n\t\t\t\t\t<\/div>\n\t\t<\/div>\n\t\t\t\t\t<\/div>\n\t\t<\/section>\n\t\t\t\t<section class=\"elementor-section elementor-top-section elementor-element elementor-element-d97ff3c elementor-section-boxed elementor-section-height-default elementor-section-height-default\" data-id=\"d97ff3c\" data-element_type=\"section\" data-e-type=\"section\" data-settings=\"{&quot;background_background&quot;:&quot;classic&quot;}\">\n\t\t\t\t\t\t<div class=\"elementor-container elementor-column-gap-default\">\n\t\t\t\t\t<div class=\"elementor-column elementor-col-33 elementor-top-column elementor-element elementor-element-e32fb55\" data-id=\"e32fb55\" data-element_type=\"column\" data-e-type=\"column\">\n\t\t\t<div class=\"elementor-widget-wrap elementor-element-populated\">\n\t\t\t\t\t\t<div class=\"elementor-element elementor-element-05842a3 elementor-widget elementor-widget-spacer\" data-id=\"05842a3\" data-element_type=\"widget\" data-e-type=\"widget\" data-widget_type=\"spacer.default\">\n\t\t\t\t<div class=\"elementor-widget-container\">\n\t\t\t\t\t\t\t<div class=\"elementor-spacer\">\n\t\t\t<div class=\"elementor-spacer-inner\"><\/div>\n\t\t<\/div>\n\t\t\t\t\t\t<\/div>\n\t\t\t\t<\/div>\n\t\t\t\t<div class=\"elementor-element elementor-element-9b69088 elementor-widget elementor-widget-image\" data-id=\"9b69088\" data-element_type=\"widget\" data-e-type=\"widget\" data-widget_type=\"image.default\">\n\t\t\t\t<div class=\"elementor-widget-container\">\n\t\t\t\t\t\t\t\t\t\t\t\t\t\t\t<img fetchpriority=\"high\" decoding=\"async\" width=\"623\" height=\"619\" src=\"https:\/\/www.electricosinter.com\/wp-content\/uploads\/2023\/10\/SYSTEM-PROTECTION.webp\" class=\"attachment-large size-large wp-image-3626\" alt=\"\" srcset=\"https:\/\/www.electricosinter.com\/wp-content\/uploads\/2023\/10\/SYSTEM-PROTECTION.webp 510w, https:\/\/www.electricosinter.com\/wp-content\/uploads\/2023\/10\/SYSTEM-PROTECTION-247x300.webp 247w, https:\/\/www.electricosinter.com\/wp-content\/uploads\/2023\/10\/SYSTEM-PROTECTION-10x12.webp 10w\" sizes=\"(max-width: 623px) 100vw, 623px\" \/>\t\t\t\t\t\t\t\t\t\t\t\t\t\t\t<\/div>\n\t\t\t\t<\/div>\n\t\t\t\t<div class=\"elementor-element elementor-element-2dec097 elementor-widget elementor-widget-spacer\" data-id=\"2dec097\" data-element_type=\"widget\" data-e-type=\"widget\" data-widget_type=\"spacer.default\">\n\t\t\t\t<div class=\"elementor-widget-container\">\n\t\t\t\t\t\t\t<div class=\"elementor-spacer\">\n\t\t\t<div class=\"elementor-spacer-inner\"><\/div>\n\t\t<\/div>\n\t\t\t\t\t\t<\/div>\n\t\t\t\t<\/div>\n\t\t\t\t\t<\/div>\n\t\t<\/div>\n\t\t\t\t<div class=\"elementor-column elementor-col-33 elementor-top-column elementor-element elementor-element-717e849\" data-id=\"717e849\" data-element_type=\"column\" data-e-type=\"column\">\n\t\t\t<div class=\"elementor-widget-wrap\">\n\t\t\t\t\t\t\t<\/div>\n\t\t<\/div>\n\t\t\t\t<div class=\"elementor-column elementor-col-33 elementor-top-column elementor-element elementor-element-343e549\" data-id=\"343e549\" data-element_type=\"column\" data-e-type=\"column\">\n\t\t\t<div class=\"elementor-widget-wrap elementor-element-populated\">\n\t\t\t\t\t\t<div class=\"elementor-element elementor-element-0296ac8 elementor-widget elementor-widget-text-editor\" data-id=\"0296ac8\" data-element_type=\"widget\" data-e-type=\"widget\" data-widget_type=\"text-editor.default\">\n\t\t\t\t<div class=\"elementor-widget-container\">\n\t\t\t\t\t\t\t\t\t<p>Provides surge protection for your equipment in three-phase low-voltage networks.<\/p>\t\t\t\t\t\t\t\t<\/div>\n\t\t\t\t<\/div>\n\t\t\t\t\t<\/div>\n\t\t<\/div>\n\t\t\t\t\t<\/div>\n\t\t<\/section>\n\t\t\t\t<section class=\"elementor-section elementor-top-section elementor-element elementor-element-e03e9ab elementor-section-boxed elementor-section-height-default elementor-section-height-default\" data-id=\"e03e9ab\" data-element_type=\"section\" data-e-type=\"section\">\n\t\t\t\t\t\t<div class=\"elementor-container elementor-column-gap-default\">\n\t\t\t\t\t<div class=\"elementor-column elementor-col-100 elementor-top-column elementor-element elementor-element-0dbb043\" data-id=\"0dbb043\" data-element_type=\"column\" data-e-type=\"column\">\n\t\t\t<div class=\"elementor-widget-wrap elementor-element-populated\">\n\t\t\t\t\t\t<div class=\"elementor-element elementor-element-5af6123 elementor-widget elementor-widget-spacer\" data-id=\"5af6123\" data-element_type=\"widget\" data-e-type=\"widget\" data-widget_type=\"spacer.default\">\n\t\t\t\t<div class=\"elementor-widget-container\">\n\t\t\t\t\t\t\t<div class=\"elementor-spacer\">\n\t\t\t<div class=\"elementor-spacer-inner\"><\/div>\n\t\t<\/div>\n\t\t\t\t\t\t<\/div>\n\t\t\t\t<\/div>\n\t\t\t\t\t<\/div>\n\t\t<\/div>\n\t\t\t\t\t<\/div>\n\t\t<\/section>\n\t\t\t\t<\/div>","protected":false},"excerpt":{"rendered":"<p>CAJA DE PROTECCI\u00d3N CONTRA SOBREVOLTAJE Contacto Catalogos Brinda protecci\u00f3n a sus equipos frente a sobretensiones en redes trif\u00e1sicas de baja tensi\u00f3n.<\/p>","protected":false},"author":1,"featured_media":0,"parent":0,"menu_order":0,"comment_status":"closed","ping_status":"closed","template":"elementor_header_footer","meta":{"_uag_custom_page_level_css":"","site-sidebar-layout":"no-sidebar","site-content-layout":"page-builder","ast-site-content-layout":"default","site-content-style":"default","site-sidebar-style":"default","ast-global-header-display":"","ast-banner-title-visibility":"","ast-main-header-display":"","ast-hfb-above-header-display":"","ast-hfb-below-header-display":"","ast-hfb-mobile-header-display":"","site-post-title":"disabled","ast-breadcrumbs-content":"disabled","ast-featured-img":"disabled","footer-sml-layout":"","theme-transparent-header-meta":"enabled","adv-header-id-meta":"","stick-header-meta":"","header-above-stick-meta":"","header-main-stick-meta":"","header-below-stick-meta":"","astra-migrate-meta-layouts":"default","ast-page-background-enabled":"default","ast-page-background-meta":{"desktop":{"background-color":"var(--ast-global-color-4)","background-image":"","background-repeat":"repeat","background-position":"center center","background-size":"auto","background-attachment":"scroll","background-type":"","background-media":"","overlay-type":"","overlay-color":"","overlay-opacity":"","overlay-gradient":""},"tablet":{"background-color":"","background-image":"","background-repeat":"repeat","background-position":"center center","background-size":"auto","background-attachment":"scroll","background-type":"","background-media":"","overlay-type":"","overlay-color":"","overlay-opacity":"","overlay-gradient":""},"mobile":{"background-color":"","background-image":"","background-repeat":"repeat","background-position":"center center","background-size":"auto","background-attachment":"scroll","background-type":"","background-media":"","overlay-type":"","overlay-color":"","overlay-opacity":"","overlay-gradient":""}},"ast-content-background-meta":{"desktop":{"background-color":"var(--ast-global-color-5)","background-image":"","background-repeat":"repeat","background-position":"center center","background-size":"auto","background-attachment":"scroll","background-type":"","background-media":"","overlay-type":"","overlay-color":"","overlay-opacity":"","overlay-gradient":""},"tablet":{"background-color":"var(--ast-global-color-5)","background-image":"","background-repeat":"repeat","background-position":"center center","background-size":"auto","background-attachment":"scroll","background-type":"","background-media":"","overlay-type":"","overlay-color":"","overlay-opacity":"","overlay-gradient":""},"mobile":{"background-color":"var(--ast-global-color-5)","background-image":"","background-repeat":"repeat","background-position":"center center","background-size":"auto","background-attachment":"scroll","background-type":"","background-media":"","overlay-type":"","overlay-color":"","overlay-opacity":"","overlay-gradient":""}},"_joinchat":[],"footnotes":""},"class_list":["post-3623","page","type-page","status-publish","hentry"],"yoast_head":"<!-- This site is optimized with the Yoast SEO Premium plugin v23.9 (Yoast SEO v27.3) - https:\/\/yoast.com\/product\/yoast-seo-premium-wordpress\/ -->\n<title>Fusibles de expulsi\u00f3n<\/title>\n<meta name=\"description\" content=\"Fusibles de expulsi\u00f3n, nuestro fusible doble acci\u00f3n ofrece la mejor protecci\u00f3n a la red el\u00e9ctrica y al transformador bajo las normas t\u00e9cnicas\" \/>\n<meta name=\"robots\" content=\"index, follow, max-snippet:-1, max-image-preview:large, max-video-preview:-1\" \/>\n<link rel=\"canonical\" href=\"https:\/\/www.electricosinter.com\/en\/caja_d_proteccion\/\" \/>\n<meta property=\"og:locale\" content=\"en_US\" \/>\n<meta property=\"og:type\" content=\"article\" \/>\n<meta property=\"og:title\" content=\"Caja de proteccion\" \/>\n<meta property=\"og:description\" content=\"Fusibles de expulsi\u00f3n, nuestro fusible doble acci\u00f3n ofrece la mejor protecci\u00f3n a la red el\u00e9ctrica y al transformador bajo las normas t\u00e9cnicas\" \/>\n<meta property=\"og:url\" content=\"https:\/\/www.electricosinter.com\/en\/caja_d_proteccion\/\" \/>\n<meta property=\"og:site_name\" content=\"Electricos internacional\" \/>\n<meta property=\"article:publisher\" content=\"https:\/\/www.facebook.com\/ElectricosInternacional\" \/>\n<meta property=\"article:modified_time\" content=\"2024-12-12T18:24:24+00:00\" \/>\n<meta property=\"og:image\" content=\"https:\/\/www.electricosinter.com\/wp-content\/uploads\/elementor\/thumbs\/caja-contra-sobrevoltaje-qeftwnnpl4o8quexj126d4icv2kyma5pbk4rzz5u0w.webp\" \/>\n<meta name=\"twitter:card\" content=\"summary_large_image\" \/>\n<meta name=\"twitter:label1\" content=\"Est. reading time\" \/>\n\t<meta name=\"twitter:data1\" content=\"1 minute\" \/>\n<script type=\"application\/ld+json\" class=\"yoast-schema-graph\">{\"@context\":\"https:\\\/\\\/schema.org\",\"@graph\":[{\"@type\":\"WebPage\",\"@id\":\"https:\\\/\\\/www.electricosinter.com\\\/caja_d_proteccion\\\/\",\"url\":\"https:\\\/\\\/www.electricosinter.com\\\/caja_d_proteccion\\\/\",\"name\":\"Fusibles de expulsi\u00f3n\",\"isPartOf\":{\"@id\":\"https:\\\/\\\/www.electricosinter.com\\\/#website\"},\"primaryImageOfPage\":{\"@id\":\"https:\\\/\\\/www.electricosinter.com\\\/caja_d_proteccion\\\/#primaryimage\"},\"image\":{\"@id\":\"https:\\\/\\\/www.electricosinter.com\\\/caja_d_proteccion\\\/#primaryimage\"},\"thumbnailUrl\":\"https:\\\/\\\/www.electricosinter.com\\\/wp-content\\\/uploads\\\/elementor\\\/thumbs\\\/caja-contra-sobrevoltaje-qeftwnnpl4o8quexj126d4icv2kyma5pbk4rzz5u0w.webp\",\"datePublished\":\"2023-10-26T17:19:54+00:00\",\"dateModified\":\"2024-12-12T18:24:24+00:00\",\"description\":\"Fusibles de expulsi\u00f3n, nuestro fusible doble acci\u00f3n ofrece la mejor protecci\u00f3n a la red el\u00e9ctrica y al transformador bajo las normas t\u00e9cnicas\",\"breadcrumb\":{\"@id\":\"https:\\\/\\\/www.electricosinter.com\\\/caja_d_proteccion\\\/#breadcrumb\"},\"inLanguage\":\"en-US\",\"potentialAction\":[{\"@type\":\"ReadAction\",\"target\":[\"https:\\\/\\\/www.electricosinter.com\\\/caja_d_proteccion\\\/\"]}]},{\"@type\":\"ImageObject\",\"inLanguage\":\"en-US\",\"@id\":\"https:\\\/\\\/www.electricosinter.com\\\/caja_d_proteccion\\\/#primaryimage\",\"url\":\"https:\\\/\\\/www.electricosinter.com\\\/wp-content\\\/uploads\\\/elementor\\\/thumbs\\\/caja-contra-sobrevoltaje-qeftwnnpl4o8quexj126d4icv2kyma5pbk4rzz5u0w.webp\",\"contentUrl\":\"https:\\\/\\\/www.electricosinter.com\\\/wp-content\\\/uploads\\\/elementor\\\/thumbs\\\/caja-contra-sobrevoltaje-qeftwnnpl4o8quexj126d4icv2kyma5pbk4rzz5u0w.webp\"},{\"@type\":\"BreadcrumbList\",\"@id\":\"https:\\\/\\\/www.electricosinter.com\\\/caja_d_proteccion\\\/#breadcrumb\",\"itemListElement\":[{\"@type\":\"ListItem\",\"position\":1,\"name\":\"Inicio\",\"item\":\"https:\\\/\\\/www.electricosinter.com\\\/\"},{\"@type\":\"ListItem\",\"position\":2,\"name\":\"Caja de proteccion\"}]},{\"@type\":\"WebSite\",\"@id\":\"https:\\\/\\\/www.electricosinter.com\\\/#website\",\"url\":\"https:\\\/\\\/www.electricosinter.com\\\/\",\"name\":\"Electricos internacional sas\",\"description\":\"Electricosinter\",\"publisher\":{\"@id\":\"https:\\\/\\\/www.electricosinter.com\\\/#organization\"},\"potentialAction\":[{\"@type\":\"SearchAction\",\"target\":{\"@type\":\"EntryPoint\",\"urlTemplate\":\"https:\\\/\\\/www.electricosinter.com\\\/?s={search_term_string}\"},\"query-input\":{\"@type\":\"PropertyValueSpecification\",\"valueRequired\":true,\"valueName\":\"search_term_string\"}}],\"inLanguage\":\"en-US\"},{\"@type\":\"Organization\",\"@id\":\"https:\\\/\\\/www.electricosinter.com\\\/#organization\",\"name\":\"Electricos internacional sas\",\"url\":\"https:\\\/\\\/www.electricosinter.com\\\/\",\"logo\":{\"@type\":\"ImageObject\",\"inLanguage\":\"en-US\",\"@id\":\"https:\\\/\\\/www.electricosinter.com\\\/#\\\/schema\\\/logo\\\/image\\\/\",\"url\":\"https:\\\/\\\/www.electricosinter.com\\\/wp-content\\\/uploads\\\/2023\\\/05\\\/logo-zual.png\",\"contentUrl\":\"https:\\\/\\\/www.electricosinter.com\\\/wp-content\\\/uploads\\\/2023\\\/05\\\/logo-zual.png\",\"width\":3927,\"height\":1010,\"caption\":\"Electricos internacional sas\"},\"image\":{\"@id\":\"https:\\\/\\\/www.electricosinter.com\\\/#\\\/schema\\\/logo\\\/image\\\/\"},\"sameAs\":[\"https:\\\/\\\/www.facebook.com\\\/ElectricosInternacional\",\"https:\\\/\\\/www.instagram.com\\\/electricosinter\\\/\"]}]}<\/script>\n<!-- \/ Yoast SEO Premium plugin. -->","yoast_head_json":{"title":"Fuse link","description":"Fusibles de expulsi\u00f3n, nuestro fusible doble acci\u00f3n ofrece la mejor protecci\u00f3n a la red el\u00e9ctrica y al transformador bajo las normas t\u00e9cnicas","robots":{"index":"index","follow":"follow","max-snippet":"max-snippet:-1","max-image-preview":"max-image-preview:large","max-video-preview":"max-video-preview:-1"},"canonical":"https:\/\/www.electricosinter.com\/en\/caja_d_proteccion\/","og_locale":"en_US","og_type":"article","og_title":"Caja de proteccion","og_description":"Fusibles de expulsi\u00f3n, nuestro fusible doble acci\u00f3n ofrece la mejor protecci\u00f3n a la red el\u00e9ctrica y al transformador bajo las normas t\u00e9cnicas","og_url":"https:\/\/www.electricosinter.com\/en\/caja_d_proteccion\/","og_site_name":"Electricos internacional","article_publisher":"https:\/\/www.facebook.com\/ElectricosInternacional","article_modified_time":"2024-12-12T18:24:24+00:00","og_image":[{"url":"https:\/\/www.electricosinter.com\/wp-content\/uploads\/elementor\/thumbs\/caja-contra-sobrevoltaje-qeftwnnpl4o8quexj126d4icv2kyma5pbk4rzz5u0w.webp","type":"","width":"","height":""}],"twitter_card":"summary_large_image","twitter_misc":{"Est. reading time":"1 minute"},"schema":{"@context":"https:\/\/schema.org","@graph":[{"@type":"WebPage","@id":"https:\/\/www.electricosinter.com\/caja_d_proteccion\/","url":"https:\/\/www.electricosinter.com\/caja_d_proteccion\/","name":"Fuse link","isPartOf":{"@id":"https:\/\/www.electricosinter.com\/#website"},"primaryImageOfPage":{"@id":"https:\/\/www.electricosinter.com\/caja_d_proteccion\/#primaryimage"},"image":{"@id":"https:\/\/www.electricosinter.com\/caja_d_proteccion\/#primaryimage"},"thumbnailUrl":"https:\/\/www.electricosinter.com\/wp-content\/uploads\/elementor\/thumbs\/caja-contra-sobrevoltaje-qeftwnnpl4o8quexj126d4icv2kyma5pbk4rzz5u0w.webp","datePublished":"2023-10-26T17:19:54+00:00","dateModified":"2024-12-12T18:24:24+00:00","description":"Fusibles de expulsi\u00f3n, nuestro fusible doble acci\u00f3n ofrece la mejor protecci\u00f3n a la red el\u00e9ctrica y al transformador bajo las normas t\u00e9cnicas","breadcrumb":{"@id":"https:\/\/www.electricosinter.com\/caja_d_proteccion\/#breadcrumb"},"inLanguage":"en-US","potentialAction":[{"@type":"ReadAction","target":["https:\/\/www.electricosinter.com\/caja_d_proteccion\/"]}]},{"@type":"ImageObject","inLanguage":"en-US","@id":"https:\/\/www.electricosinter.com\/caja_d_proteccion\/#primaryimage","url":"https:\/\/www.electricosinter.com\/wp-content\/uploads\/elementor\/thumbs\/caja-contra-sobrevoltaje-qeftwnnpl4o8quexj126d4icv2kyma5pbk4rzz5u0w.webp","contentUrl":"https:\/\/www.electricosinter.com\/wp-content\/uploads\/elementor\/thumbs\/caja-contra-sobrevoltaje-qeftwnnpl4o8quexj126d4icv2kyma5pbk4rzz5u0w.webp"},{"@type":"BreadcrumbList","@id":"https:\/\/www.electricosinter.com\/caja_d_proteccion\/#breadcrumb","itemListElement":[{"@type":"ListItem","position":1,"name":"Inicio","item":"https:\/\/www.electricosinter.com\/"},{"@type":"ListItem","position":2,"name":"Caja de proteccion"}]},{"@type":"WebSite","@id":"https:\/\/www.electricosinter.com\/#website","url":"https:\/\/www.electricosinter.com\/","name":"Electricos internacional sas","description":"Electricosinter","publisher":{"@id":"https:\/\/www.electricosinter.com\/#organization"},"potentialAction":[{"@type":"SearchAction","target":{"@type":"EntryPoint","urlTemplate":"https:\/\/www.electricosinter.com\/?s={search_term_string}"},"query-input":{"@type":"PropertyValueSpecification","valueRequired":true,"valueName":"search_term_string"}}],"inLanguage":"en-US"},{"@type":"Organization","@id":"https:\/\/www.electricosinter.com\/#organization","name":"Electricos internacional sas","url":"https:\/\/www.electricosinter.com\/","logo":{"@type":"ImageObject","inLanguage":"en-US","@id":"https:\/\/www.electricosinter.com\/#\/schema\/logo\/image\/","url":"https:\/\/www.electricosinter.com\/wp-content\/uploads\/2023\/05\/logo-zual.png","contentUrl":"https:\/\/www.electricosinter.com\/wp-content\/uploads\/2023\/05\/logo-zual.png","width":3927,"height":1010,"caption":"Electricos internacional sas"},"image":{"@id":"https:\/\/www.electricosinter.com\/#\/schema\/logo\/image\/"},"sameAs":["https:\/\/www.facebook.com\/ElectricosInternacional","https:\/\/www.instagram.com\/electricosinter\/"]}]}},"uagb_featured_image_src":{"full":false,"thumbnail":false,"medium":false,"medium_large":false,"large":false,"1536x1536":false,"2048x2048":false,"trp-custom-language-flag":false},"uagb_author_info":{"display_name":"Electricos","author_link":"https:\/\/www.electricosinter.com\/en\/author\/electricos\/"},"uagb_comment_info":0,"uagb_excerpt":"CAJA DE PROTECCI\u00d3N CONTRA SOBREVOLTAJE Contacto Catalogos Brinda protecci\u00f3n a sus equipos frente a sobretensiones en redes trif\u00e1sicas de baja tensi\u00f3n.","_links":{"self":[{"href":"https:\/\/www.electricosinter.com\/en\/wp-json\/wp\/v2\/pages\/3623","targetHints":{"allow":["GET"]}}],"collection":[{"href":"https:\/\/www.electricosinter.com\/en\/wp-json\/wp\/v2\/pages"}],"about":[{"href":"https:\/\/www.electricosinter.com\/en\/wp-json\/wp\/v2\/types\/page"}],"author":[{"embeddable":true,"href":"https:\/\/www.electricosinter.com\/en\/wp-json\/wp\/v2\/users\/1"}],"replies":[{"embeddable":true,"href":"https:\/\/www.electricosinter.com\/en\/wp-json\/wp\/v2\/comments?post=3623"}],"version-history":[{"count":7,"href":"https:\/\/www.electricosinter.com\/en\/wp-json\/wp\/v2\/pages\/3623\/revisions"}],"predecessor-version":[{"id":3634,"href":"https:\/\/www.electricosinter.com\/en\/wp-json\/wp\/v2\/pages\/3623\/revisions\/3634"}],"wp:attachment":[{"href":"https:\/\/www.electricosinter.com\/en\/wp-json\/wp\/v2\/media?parent=3623"}],"curies":[{"name":"wp","href":"https:\/\/api.w.org\/{rel}","templated":true}]}}