{"id":3669,"date":"2023-10-30T13:04:31","date_gmt":"2023-10-30T13:04:31","guid":{"rendered":"https:\/\/www.electricosinter.com\/?page_id=3669"},"modified":"2023-10-30T13:05:04","modified_gmt":"2023-10-30T13:05:04","slug":"politica-de-privacidad","status":"publish","type":"page","link":"https:\/\/www.electricosinter.com\/en\/politica-de-privacidad\/","title":{"rendered":"Privacy Policy"},"content":{"rendered":"<div data-elementor-type=\"wp-page\" data-elementor-id=\"3669\" class=\"elementor elementor-3669\" data-elementor-post-type=\"page\">\n\t\t\t\t\t\t<section class=\"elementor-section elementor-top-section elementor-element elementor-element-3958bd4 elementor-section-boxed elementor-section-height-default elementor-section-height-default\" data-id=\"3958bd4\" data-element_type=\"section\" data-e-type=\"section\" data-settings=\"{&quot;background_background&quot;:&quot;classic&quot;}\">\n\t\t\t\t\t\t\t<div class=\"elementor-background-overlay\"><\/div>\n\t\t\t\t\t\t\t<div class=\"elementor-container elementor-column-gap-default\">\n\t\t\t\t\t<div class=\"elementor-column elementor-col-100 elementor-top-column elementor-element elementor-element-04e4fc7\" data-id=\"04e4fc7\" data-element_type=\"column\" data-e-type=\"column\">\n\t\t\t<div class=\"elementor-widget-wrap elementor-element-populated\">\n\t\t\t\t\t\t<div class=\"elementor-element elementor-element-4522528 elementor-widget elementor-widget-spacer\" data-id=\"4522528\" data-element_type=\"widget\" data-e-type=\"widget\" data-widget_type=\"spacer.default\">\n\t\t\t\t<div class=\"elementor-widget-container\">\n\t\t\t\t\t\t\t<div class=\"elementor-spacer\">\n\t\t\t<div class=\"elementor-spacer-inner\"><\/div>\n\t\t<\/div>\n\t\t\t\t\t\t<\/div>\n\t\t\t\t<\/div>\n\t\t\t\t<div class=\"elementor-element elementor-element-b3fb881 elementor-widget elementor-widget-heading\" data-id=\"b3fb881\" data-element_type=\"widget\" data-e-type=\"widget\" data-widget_type=\"heading.default\">\n\t\t\t\t<div class=\"elementor-widget-container\">\n\t\t\t\t\t<h2 class=\"elementor-heading-title elementor-size-default\">Privacy Policy<\/h2>\t\t\t\t<\/div>\n\t\t\t\t<\/div>\n\t\t\t\t<div class=\"elementor-element elementor-element-7757f96 elementor-widget elementor-widget-spacer\" data-id=\"7757f96\" data-element_type=\"widget\" data-e-type=\"widget\" data-widget_type=\"spacer.default\">\n\t\t\t\t<div class=\"elementor-widget-container\">\n\t\t\t\t\t\t\t<div class=\"elementor-spacer\">\n\t\t\t<div class=\"elementor-spacer-inner\"><\/div>\n\t\t<\/div>\n\t\t\t\t\t\t<\/div>\n\t\t\t\t<\/div>\n\t\t\t\t\t<\/div>\n\t\t<\/div>\n\t\t\t\t\t<\/div>\n\t\t<\/section>\n\t\t\t\t<section class=\"elementor-section elementor-top-section elementor-element elementor-element-00243b2 elementor-section-boxed elementor-section-height-default elementor-section-height-default\" data-id=\"00243b2\" data-element_type=\"section\" data-e-type=\"section\" data-settings=\"{&quot;background_background&quot;:&quot;classic&quot;}\">\n\t\t\t\t\t\t<div class=\"elementor-container elementor-column-gap-default\">\n\t\t\t\t\t<div class=\"elementor-column elementor-col-100 elementor-top-column elementor-element elementor-element-19688f2\" data-id=\"19688f2\" data-element_type=\"column\" data-e-type=\"column\">\n\t\t\t<div class=\"elementor-widget-wrap elementor-element-populated\">\n\t\t\t\t\t\t<div class=\"elementor-element elementor-element-1f3196c elementor-widget elementor-widget-spacer\" data-id=\"1f3196c\" data-element_type=\"widget\" data-e-type=\"widget\" data-widget_type=\"spacer.default\">\n\t\t\t\t<div class=\"elementor-widget-container\">\n\t\t\t\t\t\t\t<div class=\"elementor-spacer\">\n\t\t\t<div class=\"elementor-spacer-inner\"><\/div>\n\t\t<\/div>\n\t\t\t\t\t\t<\/div>\n\t\t\t\t<\/div>\n\t\t\t\t<div class=\"elementor-element elementor-element-e141a4d elementor-widget elementor-widget-text-editor\" data-id=\"e141a4d\" data-element_type=\"widget\" data-e-type=\"widget\" data-widget_type=\"text-editor.default\">\n\t\t\t\t<div class=\"elementor-widget-container\">\n\t\t\t\t\t\t\t\t\t<p>This Privacy Policy establishes the terms in which the information that is provided by our users when using this website is used and protected. This company is committed to the security of its users' data. When we ask you to fill out personal information fields with which you can be identified, we do so ensuring that it will only be used in accordance with the terms of this document. However, this Privacy Policy may change over time or be updated, so we recommend and emphasize that you continually review this page to ensure that you agree with such changes.<\/p>\t\t\t\t\t\t\t\t<\/div>\n\t\t\t\t<\/div>\n\t\t\t\t<div class=\"elementor-element elementor-element-74716e9 elementor-widget elementor-widget-spacer\" data-id=\"74716e9\" data-element_type=\"widget\" data-e-type=\"widget\" data-widget_type=\"spacer.default\">\n\t\t\t\t<div class=\"elementor-widget-container\">\n\t\t\t\t\t\t\t<div class=\"elementor-spacer\">\n\t\t\t<div class=\"elementor-spacer-inner\"><\/div>\n\t\t<\/div>\n\t\t\t\t\t\t<\/div>\n\t\t\t\t<\/div>\n\t\t\t\t\t<\/div>\n\t\t<\/div>\n\t\t\t\t\t<\/div>\n\t\t<\/section>\n\t\t\t\t<section class=\"elementor-section elementor-top-section elementor-element elementor-element-012d5ca elementor-section-boxed elementor-section-height-default elementor-section-height-default\" data-id=\"012d5ca\" data-element_type=\"section\" data-e-type=\"section\" data-settings=\"{&quot;background_background&quot;:&quot;classic&quot;}\">\n\t\t\t\t\t\t<div class=\"elementor-container elementor-column-gap-default\">\n\t\t\t\t\t<div class=\"elementor-column elementor-col-50 elementor-top-column elementor-element elementor-element-91a56b2\" data-id=\"91a56b2\" data-element_type=\"column\" data-e-type=\"column\">\n\t\t\t<div class=\"elementor-widget-wrap elementor-element-populated\">\n\t\t\t\t\t\t<div class=\"elementor-element elementor-element-bbdee27 elementor-widget elementor-widget-heading\" data-id=\"bbdee27\" data-element_type=\"widget\" data-e-type=\"widget\" data-widget_type=\"heading.default\">\n\t\t\t\t<div class=\"elementor-widget-container\">\n\t\t\t\t\t<h2 class=\"elementor-heading-title elementor-size-default\">INFORMATION<\/h2>\t\t\t\t<\/div>\n\t\t\t\t<\/div>\n\t\t\t\t<div class=\"elementor-element elementor-element-a44b574 elementor-widget elementor-widget-text-editor\" data-id=\"a44b574\" data-element_type=\"widget\" data-e-type=\"widget\" data-widget_type=\"text-editor.default\">\n\t\t\t\t<div class=\"elementor-widget-container\">\n\t\t\t\t\t\t\t\t\t<p>Our website may collect personal information such as: Name, contact information such as your email address and demographic information. Likewise, when necessary, specific information may be required to process an order or make a delivery or billing or provide a response.<\/p>\t\t\t\t\t\t\t\t<\/div>\n\t\t\t\t<\/div>\n\t\t\t\t\t<\/div>\n\t\t<\/div>\n\t\t\t\t<div class=\"elementor-column elementor-col-50 elementor-top-column elementor-element elementor-element-2f7b697\" data-id=\"2f7b697\" data-element_type=\"column\" data-e-type=\"column\">\n\t\t\t<div class=\"elementor-widget-wrap elementor-element-populated\">\n\t\t\t\t\t\t<div class=\"elementor-element elementor-element-957b827 elementor-widget elementor-widget-heading\" data-id=\"957b827\" data-element_type=\"widget\" data-e-type=\"widget\" data-widget_type=\"heading.default\">\n\t\t\t\t<div class=\"elementor-widget-container\">\n\t\t\t\t\t<h2 class=\"elementor-heading-title elementor-size-default\">Use of collected information<\/h2>\t\t\t\t<\/div>\n\t\t\t\t<\/div>\n\t\t\t\t<div class=\"elementor-element elementor-element-65b337b elementor-widget elementor-widget-text-editor\" data-id=\"65b337b\" data-element_type=\"widget\" data-e-type=\"widget\" data-widget_type=\"text-editor.default\">\n\t\t\t\t<div class=\"elementor-widget-container\">\n\t\t\t\t\t\t\t\t\t<p>Our website uses the information in order to provide the best possible service, particularly to keep track of users, orders or requests if applicable, and to improve our products and services.  We may periodically send e-mails through our site to provide you with updated information that we think may be relevant to you and may be of benefit to you, these e-mails will be sent to the address you provide and may be unsubscribed from at any time.<\/p><p>We are committed to keeping your information secure. We use the most advanced systems and constantly update them to ensure that there is no unauthorized access.<\/p>\t\t\t\t\t\t\t\t<\/div>\n\t\t\t\t<\/div>\n\t\t\t\t\t<\/div>\n\t\t<\/div>\n\t\t\t\t\t<\/div>\n\t\t<\/section>\n\t\t\t\t<section class=\"elementor-section elementor-top-section elementor-element elementor-element-847be98 elementor-section-boxed elementor-section-height-default elementor-section-height-default\" data-id=\"847be98\" data-element_type=\"section\" data-e-type=\"section\" data-settings=\"{&quot;background_background&quot;:&quot;classic&quot;}\">\n\t\t\t\t\t\t<div class=\"elementor-container elementor-column-gap-default\">\n\t\t\t\t\t<div class=\"elementor-column elementor-col-100 elementor-top-column elementor-element elementor-element-d87beb1\" data-id=\"d87beb1\" data-element_type=\"column\" data-e-type=\"column\">\n\t\t\t<div class=\"elementor-widget-wrap elementor-element-populated\">\n\t\t\t\t\t\t<div class=\"elementor-element elementor-element-2516b0f elementor-widget elementor-widget-heading\" data-id=\"2516b0f\" data-element_type=\"widget\" data-e-type=\"widget\" data-widget_type=\"heading.default\">\n\t\t\t\t<div class=\"elementor-widget-container\">\n\t\t\t\t\t<h2 class=\"elementor-heading-title elementor-size-default\">Cookies<\/h2>\t\t\t\t<\/div>\n\t\t\t\t<\/div>\n\t\t\t\t<div class=\"elementor-element elementor-element-06d1c8b elementor-widget elementor-widget-text-editor\" data-id=\"06d1c8b\" data-element_type=\"widget\" data-e-type=\"widget\" data-widget_type=\"text-editor.default\">\n\t\t\t\t<div class=\"elementor-widget-container\">\n\t\t\t\t\t\t\t\t\t<p>A cookie refers to a file that is sent with the purpose of requesting permission to be stored on your computer, by accepting this file is created and the cookie is then used to have information regarding web traffic, and also facilitates future visits to a recurring website. Another function that cookies have is that with them the web can recognize you individually and therefore provide you with the best personalized service on its website.<\/p><p>\u00a0<\/p><p>Our website uses cookies to identify which pages are visited and their frequency. This information is used only for statistical analysis and then the information is permanently deleted. You can delete cookies at any time from your computer. However, cookies help to provide a better service of the web sites, they do not give access to information about your computer or you, unless you choose to provide it directly.<\/p><p>\u00a0<\/p><p>You can accept or deny the use of cookies, however most browsers automatically accept cookies as it serves to have a better web service.\u00a0<span style=\"font-style: inherit; font-weight: inherit;\">You can also change the settings on your computer to decline cookies. If you decline cookies you may not be able to use some of our services.<\/span><\/p>\t\t\t\t\t\t\t\t<\/div>\n\t\t\t\t<\/div>\n\t\t\t\t<div class=\"elementor-element elementor-element-1072892 elementor-widget elementor-widget-spacer\" data-id=\"1072892\" data-element_type=\"widget\" data-e-type=\"widget\" data-widget_type=\"spacer.default\">\n\t\t\t\t<div class=\"elementor-widget-container\">\n\t\t\t\t\t\t\t<div class=\"elementor-spacer\">\n\t\t\t<div class=\"elementor-spacer-inner\"><\/div>\n\t\t<\/div>\n\t\t\t\t\t\t<\/div>\n\t\t\t\t<\/div>\n\t\t\t\t\t<\/div>\n\t\t<\/div>\n\t\t\t\t\t<\/div>\n\t\t<\/section>\n\t\t\t\t<section class=\"elementor-section elementor-top-section elementor-element elementor-element-c591417 elementor-section-boxed elementor-section-height-default elementor-section-height-default\" data-id=\"c591417\" data-element_type=\"section\" data-e-type=\"section\" data-settings=\"{&quot;background_background&quot;:&quot;classic&quot;}\">\n\t\t\t\t\t\t<div class=\"elementor-container elementor-column-gap-default\">\n\t\t\t\t\t<div class=\"elementor-column elementor-col-100 elementor-top-column elementor-element elementor-element-9de93a3\" data-id=\"9de93a3\" data-element_type=\"column\" data-e-type=\"column\">\n\t\t\t<div class=\"elementor-widget-wrap elementor-element-populated\">\n\t\t\t\t\t\t<div class=\"elementor-element elementor-element-2e4192e elementor-widget elementor-widget-heading\" data-id=\"2e4192e\" data-element_type=\"widget\" data-e-type=\"widget\" data-widget_type=\"heading.default\">\n\t\t\t\t<div class=\"elementor-widget-container\">\n\t\t\t\t\t<h2 class=\"elementor-heading-title elementor-size-default\">Control over your personal information<\/h2>\t\t\t\t<\/div>\n\t\t\t\t<\/div>\n\t\t\t\t<div class=\"elementor-element elementor-element-581031d elementor-widget elementor-widget-text-editor\" data-id=\"581031d\" data-element_type=\"widget\" data-e-type=\"widget\" data-widget_type=\"text-editor.default\">\n\t\t\t\t<div class=\"elementor-widget-container\">\n\t\t\t\t\t\t\t\t\t<p>This company will not sell, transfer or distribute the personal information that is collected without your consent, unless required by a judge with a court order.<\/p><p>\u00a0<\/p><p>We reserve the right to change the terms of this Privacy Policy at any time.<\/p>\t\t\t\t\t\t\t\t<\/div>\n\t\t\t\t<\/div>\n\t\t\t\t<div class=\"elementor-element elementor-element-fa5451b elementor-widget elementor-widget-spacer\" data-id=\"fa5451b\" data-element_type=\"widget\" data-e-type=\"widget\" data-widget_type=\"spacer.default\">\n\t\t\t\t<div class=\"elementor-widget-container\">\n\t\t\t\t\t\t\t<div class=\"elementor-spacer\">\n\t\t\t<div class=\"elementor-spacer-inner\"><\/div>\n\t\t<\/div>\n\t\t\t\t\t\t<\/div>\n\t\t\t\t<\/div>\n\t\t\t\t<div class=\"elementor-element elementor-element-63ac1a2 elementor-widget elementor-widget-spacer\" data-id=\"63ac1a2\" data-element_type=\"widget\" data-e-type=\"widget\" data-widget_type=\"spacer.default\">\n\t\t\t\t<div class=\"elementor-widget-container\">\n\t\t\t\t\t\t\t<div class=\"elementor-spacer\">\n\t\t\t<div class=\"elementor-spacer-inner\"><\/div>\n\t\t<\/div>\n\t\t\t\t\t\t<\/div>\n\t\t\t\t<\/div>\n\t\t\t\t\t<\/div>\n\t\t<\/div>\n\t\t\t\t\t<\/div>\n\t\t<\/section>\n\t\t\t\t<\/div>","protected":false},"excerpt":{"rendered":"<p>Pol\u00edtica de privacidad La presente Pol\u00edtica de Privacidad establece los t\u00e9rminos en que se usa y protege la informaci\u00f3n que es proporcionada por nuestros usuarios al momento de utilizar este sitio web. Esta compa\u00f1\u00eda est\u00e1 comprometida con la seguridad de los datos de sus usuarios. Cuando le pedimos llenar los campos de informaci\u00f3n personal con [&hellip;]<\/p>\n","protected":false},"author":1,"featured_media":0,"parent":0,"menu_order":0,"comment_status":"closed","ping_status":"closed","template":"","meta":{"_uag_custom_page_level_css":"","site-sidebar-layout":"no-sidebar","site-content-layout":"page-builder","ast-site-content-layout":"full-width-container","site-content-style":"default","site-sidebar-style":"default","ast-global-header-display":"","ast-banner-title-visibility":"","ast-main-header-display":"","ast-hfb-above-header-display":"","ast-hfb-below-header-display":"","ast-hfb-mobile-header-display":"","site-post-title":"disabled","ast-breadcrumbs-content":"","ast-featured-img":"disabled","footer-sml-layout":"","theme-transparent-header-meta":"","adv-header-id-meta":"","stick-header-meta":"","header-above-stick-meta":"","header-main-stick-meta":"","header-below-stick-meta":"","astra-migrate-meta-layouts":"set","ast-page-background-enabled":"default","ast-page-background-meta":{"desktop":{"background-color":"var(--ast-global-color-4)","background-image":"","background-repeat":"repeat","background-position":"center center","background-size":"auto","background-attachment":"scroll","background-type":"","background-media":"","overlay-type":"","overlay-color":"","overlay-opacity":"","overlay-gradient":""},"tablet":{"background-color":"","background-image":"","background-repeat":"repeat","background-position":"center center","background-size":"auto","background-attachment":"scroll","background-type":"","background-media":"","overlay-type":"","overlay-color":"","overlay-opacity":"","overlay-gradient":""},"mobile":{"background-color":"","background-image":"","background-repeat":"repeat","background-position":"center center","background-size":"auto","background-attachment":"scroll","background-type":"","background-media":"","overlay-type":"","overlay-color":"","overlay-opacity":"","overlay-gradient":""}},"ast-content-background-meta":{"desktop":{"background-color":"var(--ast-global-color-5)","background-image":"","background-repeat":"repeat","background-position":"center center","background-size":"auto","background-attachment":"scroll","background-type":"","background-media":"","overlay-type":"","overlay-color":"","overlay-opacity":"","overlay-gradient":""},"tablet":{"background-color":"var(--ast-global-color-5)","background-image":"","background-repeat":"repeat","background-position":"center center","background-size":"auto","background-attachment":"scroll","background-type":"","background-media":"","overlay-type":"","overlay-color":"","overlay-opacity":"","overlay-gradient":""},"mobile":{"background-color":"var(--ast-global-color-5)","background-image":"","background-repeat":"repeat","background-position":"center center","background-size":"auto","background-attachment":"scroll","background-type":"","background-media":"","overlay-type":"","overlay-color":"","overlay-opacity":"","overlay-gradient":""}},"_joinchat":[],"footnotes":""},"class_list":["post-3669","page","type-page","status-publish","hentry"],"yoast_head":"<!-- This site is optimized with the Yoast SEO Premium plugin v23.9 (Yoast SEO v27.3) - https:\/\/yoast.com\/product\/yoast-seo-premium-wordpress\/ -->\n<title>Pol\u00edtica de privacidad - Electricos internacional<\/title>\n<meta name=\"robots\" content=\"index, follow, max-snippet:-1, max-image-preview:large, max-video-preview:-1\" \/>\n<link rel=\"canonical\" href=\"https:\/\/www.electricosinter.com\/en\/politica-de-privacidad\/\" \/>\n<meta property=\"og:locale\" content=\"en_US\" \/>\n<meta property=\"og:type\" content=\"article\" \/>\n<meta property=\"og:title\" content=\"Pol\u00edtica de privacidad\" \/>\n<meta property=\"og:description\" content=\"Pol\u00edtica de privacidad La presente Pol\u00edtica de Privacidad establece los t\u00e9rminos en que se usa y protege la informaci\u00f3n que es proporcionada por nuestros usuarios al momento de utilizar este sitio web. Esta compa\u00f1\u00eda est\u00e1 comprometida con la seguridad de los datos de sus usuarios. Cuando le pedimos llenar los campos de informaci\u00f3n personal con [&hellip;]\" \/>\n<meta property=\"og:url\" content=\"https:\/\/www.electricosinter.com\/en\/politica-de-privacidad\/\" \/>\n<meta property=\"og:site_name\" content=\"Electricos internacional\" \/>\n<meta property=\"article:publisher\" content=\"https:\/\/www.facebook.com\/ElectricosInternacional\" \/>\n<meta property=\"article:modified_time\" content=\"2023-10-30T13:05:04+00:00\" \/>\n<meta name=\"twitter:card\" content=\"summary_large_image\" \/>\n<meta name=\"twitter:label1\" content=\"Est. reading time\" \/>\n\t<meta name=\"twitter:data1\" content=\"3 minutes\" \/>\n<script type=\"application\/ld+json\" class=\"yoast-schema-graph\">{\"@context\":\"https:\\\/\\\/schema.org\",\"@graph\":[{\"@type\":\"WebPage\",\"@id\":\"https:\\\/\\\/www.electricosinter.com\\\/politica-de-privacidad\\\/\",\"url\":\"https:\\\/\\\/www.electricosinter.com\\\/politica-de-privacidad\\\/\",\"name\":\"Pol\u00edtica de privacidad - Electricos internacional\",\"isPartOf\":{\"@id\":\"https:\\\/\\\/www.electricosinter.com\\\/#website\"},\"datePublished\":\"2023-10-30T13:04:31+00:00\",\"dateModified\":\"2023-10-30T13:05:04+00:00\",\"breadcrumb\":{\"@id\":\"https:\\\/\\\/www.electricosinter.com\\\/politica-de-privacidad\\\/#breadcrumb\"},\"inLanguage\":\"en-US\",\"potentialAction\":[{\"@type\":\"ReadAction\",\"target\":[\"https:\\\/\\\/www.electricosinter.com\\\/politica-de-privacidad\\\/\"]}]},{\"@type\":\"BreadcrumbList\",\"@id\":\"https:\\\/\\\/www.electricosinter.com\\\/politica-de-privacidad\\\/#breadcrumb\",\"itemListElement\":[{\"@type\":\"ListItem\",\"position\":1,\"name\":\"Inicio\",\"item\":\"https:\\\/\\\/www.electricosinter.com\\\/\"},{\"@type\":\"ListItem\",\"position\":2,\"name\":\"Pol\u00edtica de privacidad\"}]},{\"@type\":\"WebSite\",\"@id\":\"https:\\\/\\\/www.electricosinter.com\\\/#website\",\"url\":\"https:\\\/\\\/www.electricosinter.com\\\/\",\"name\":\"Electricos internacional sas\",\"description\":\"Electricosinter\",\"publisher\":{\"@id\":\"https:\\\/\\\/www.electricosinter.com\\\/#organization\"},\"potentialAction\":[{\"@type\":\"SearchAction\",\"target\":{\"@type\":\"EntryPoint\",\"urlTemplate\":\"https:\\\/\\\/www.electricosinter.com\\\/?s={search_term_string}\"},\"query-input\":{\"@type\":\"PropertyValueSpecification\",\"valueRequired\":true,\"valueName\":\"search_term_string\"}}],\"inLanguage\":\"en-US\"},{\"@type\":\"Organization\",\"@id\":\"https:\\\/\\\/www.electricosinter.com\\\/#organization\",\"name\":\"Electricos internacional sas\",\"url\":\"https:\\\/\\\/www.electricosinter.com\\\/\",\"logo\":{\"@type\":\"ImageObject\",\"inLanguage\":\"en-US\",\"@id\":\"https:\\\/\\\/www.electricosinter.com\\\/#\\\/schema\\\/logo\\\/image\\\/\",\"url\":\"https:\\\/\\\/www.electricosinter.com\\\/wp-content\\\/uploads\\\/2023\\\/05\\\/logo-zual.png\",\"contentUrl\":\"https:\\\/\\\/www.electricosinter.com\\\/wp-content\\\/uploads\\\/2023\\\/05\\\/logo-zual.png\",\"width\":3927,\"height\":1010,\"caption\":\"Electricos internacional sas\"},\"image\":{\"@id\":\"https:\\\/\\\/www.electricosinter.com\\\/#\\\/schema\\\/logo\\\/image\\\/\"},\"sameAs\":[\"https:\\\/\\\/www.facebook.com\\\/ElectricosInternacional\",\"https:\\\/\\\/www.instagram.com\\\/electricosinter\\\/\"]}]}<\/script>\n<!-- \/ Yoast SEO Premium plugin. -->","yoast_head_json":{"title":"Pol\u00edtica de privacidad - Electricos internacional","robots":{"index":"index","follow":"follow","max-snippet":"max-snippet:-1","max-image-preview":"max-image-preview:large","max-video-preview":"max-video-preview:-1"},"canonical":"https:\/\/www.electricosinter.com\/en\/politica-de-privacidad\/","og_locale":"en_US","og_type":"article","og_title":"Pol\u00edtica de privacidad","og_description":"Pol\u00edtica de privacidad La presente Pol\u00edtica de Privacidad establece los t\u00e9rminos en que se usa y protege la informaci\u00f3n que es proporcionada por nuestros usuarios al momento de utilizar este sitio web. Esta compa\u00f1\u00eda est\u00e1 comprometida con la seguridad de los datos de sus usuarios. Cuando le pedimos llenar los campos de informaci\u00f3n personal con [&hellip;]","og_url":"https:\/\/www.electricosinter.com\/en\/politica-de-privacidad\/","og_site_name":"Electricos internacional","article_publisher":"https:\/\/www.facebook.com\/ElectricosInternacional","article_modified_time":"2023-10-30T13:05:04+00:00","twitter_card":"summary_large_image","twitter_misc":{"Est. reading time":"3 minutes"},"schema":{"@context":"https:\/\/schema.org","@graph":[{"@type":"WebPage","@id":"https:\/\/www.electricosinter.com\/politica-de-privacidad\/","url":"https:\/\/www.electricosinter.com\/politica-de-privacidad\/","name":"Pol\u00edtica de privacidad - Electricos internacional","isPartOf":{"@id":"https:\/\/www.electricosinter.com\/#website"},"datePublished":"2023-10-30T13:04:31+00:00","dateModified":"2023-10-30T13:05:04+00:00","breadcrumb":{"@id":"https:\/\/www.electricosinter.com\/politica-de-privacidad\/#breadcrumb"},"inLanguage":"en-US","potentialAction":[{"@type":"ReadAction","target":["https:\/\/www.electricosinter.com\/politica-de-privacidad\/"]}]},{"@type":"BreadcrumbList","@id":"https:\/\/www.electricosinter.com\/politica-de-privacidad\/#breadcrumb","itemListElement":[{"@type":"ListItem","position":1,"name":"Inicio","item":"https:\/\/www.electricosinter.com\/"},{"@type":"ListItem","position":2,"name":"Pol\u00edtica de privacidad"}]},{"@type":"WebSite","@id":"https:\/\/www.electricosinter.com\/#website","url":"https:\/\/www.electricosinter.com\/","name":"Electricos internacional sas","description":"Electricosinter","publisher":{"@id":"https:\/\/www.electricosinter.com\/#organization"},"potentialAction":[{"@type":"SearchAction","target":{"@type":"EntryPoint","urlTemplate":"https:\/\/www.electricosinter.com\/?s={search_term_string}"},"query-input":{"@type":"PropertyValueSpecification","valueRequired":true,"valueName":"search_term_string"}}],"inLanguage":"en-US"},{"@type":"Organization","@id":"https:\/\/www.electricosinter.com\/#organization","name":"Electricos internacional sas","url":"https:\/\/www.electricosinter.com\/","logo":{"@type":"ImageObject","inLanguage":"en-US","@id":"https:\/\/www.electricosinter.com\/#\/schema\/logo\/image\/","url":"https:\/\/www.electricosinter.com\/wp-content\/uploads\/2023\/05\/logo-zual.png","contentUrl":"https:\/\/www.electricosinter.com\/wp-content\/uploads\/2023\/05\/logo-zual.png","width":3927,"height":1010,"caption":"Electricos internacional sas"},"image":{"@id":"https:\/\/www.electricosinter.com\/#\/schema\/logo\/image\/"},"sameAs":["https:\/\/www.facebook.com\/ElectricosInternacional","https:\/\/www.instagram.com\/electricosinter\/"]}]}},"uagb_featured_image_src":{"full":false,"thumbnail":false,"medium":false,"medium_large":false,"large":false,"1536x1536":false,"2048x2048":false,"trp-custom-language-flag":false},"uagb_author_info":{"display_name":"Electricos","author_link":"https:\/\/www.electricosinter.com\/en\/author\/electricos\/"},"uagb_comment_info":0,"uagb_excerpt":"Pol\u00edtica de privacidad La presente Pol\u00edtica de Privacidad establece los t\u00e9rminos en que se usa y protege la informaci\u00f3n que es proporcionada por nuestros usuarios al momento de utilizar este sitio web. Esta compa\u00f1\u00eda est\u00e1 comprometida con la seguridad de los datos de sus usuarios. Cuando le pedimos llenar los campos de informaci\u00f3n personal con&hellip;","_links":{"self":[{"href":"https:\/\/www.electricosinter.com\/en\/wp-json\/wp\/v2\/pages\/3669","targetHints":{"allow":["GET"]}}],"collection":[{"href":"https:\/\/www.electricosinter.com\/en\/wp-json\/wp\/v2\/pages"}],"about":[{"href":"https:\/\/www.electricosinter.com\/en\/wp-json\/wp\/v2\/types\/page"}],"author":[{"embeddable":true,"href":"https:\/\/www.electricosinter.com\/en\/wp-json\/wp\/v2\/users\/1"}],"replies":[{"embeddable":true,"href":"https:\/\/www.electricosinter.com\/en\/wp-json\/wp\/v2\/comments?post=3669"}],"version-history":[{"count":11,"href":"https:\/\/www.electricosinter.com\/en\/wp-json\/wp\/v2\/pages\/3669\/revisions"}],"predecessor-version":[{"id":3683,"href":"https:\/\/www.electricosinter.com\/en\/wp-json\/wp\/v2\/pages\/3669\/revisions\/3683"}],"wp:attachment":[{"href":"https:\/\/www.electricosinter.com\/en\/wp-json\/wp\/v2\/media?parent=3669"}],"curies":[{"name":"wp","href":"https:\/\/api.w.org\/{rel}","templated":true}]}}