{"id":4320,"date":"2024-01-18T16:05:51","date_gmt":"2024-01-18T16:05:51","guid":{"rendered":"https:\/\/www.electricosinter.com\/?page_id=4320"},"modified":"2024-12-12T18:26:44","modified_gmt":"2024-12-12T18:26:44","slug":"pqrsf","status":"publish","type":"page","link":"https:\/\/www.electricosinter.com\/en\/pqrsf\/","title":{"rendered":"PQRSF"},"content":{"rendered":"\t\t<div data-elementor-type=\"wp-page\" data-elementor-id=\"4320\" class=\"elementor elementor-4320\" data-elementor-post-type=\"page\">\n\t\t\t\t<div class=\"elementor-element elementor-element-37b00c7 e-flex e-con-boxed e-con e-parent\" data-id=\"37b00c7\" data-element_type=\"container\" data-e-type=\"container\">\n\t\t\t\t\t<div class=\"e-con-inner\">\n\t\t\t\t<div class=\"elementor-element elementor-element-ffb4b30 elementor-widget elementor-widget-spacer\" data-id=\"ffb4b30\" data-element_type=\"widget\" data-e-type=\"widget\" data-widget_type=\"spacer.default\">\n\t\t\t\t<div class=\"elementor-widget-container\">\n\t\t\t\t\t\t\t<div class=\"elementor-spacer\">\n\t\t\t<div class=\"elementor-spacer-inner\"><\/div>\n\t\t<\/div>\n\t\t\t\t\t\t<\/div>\n\t\t\t\t<\/div>\n\t\t\t\t<div class=\"elementor-element elementor-element-4462f6f elementor-widget elementor-widget-heading\" data-id=\"4462f6f\" data-element_type=\"widget\" data-e-type=\"widget\" data-widget_type=\"heading.default\">\n\t\t\t\t<div class=\"elementor-widget-container\">\n\t\t\t\t\t<h2 class=\"elementor-heading-title elementor-size-default\">Registro PQRSF<\/h2>\t\t\t\t<\/div>\n\t\t\t\t<\/div>\n\t\t\t\t<div class=\"elementor-element elementor-element-e6adb6e elementor-widget elementor-widget-spacer\" data-id=\"e6adb6e\" data-element_type=\"widget\" data-e-type=\"widget\" data-widget_type=\"spacer.default\">\n\t\t\t\t<div class=\"elementor-widget-container\">\n\t\t\t\t\t\t\t<div class=\"elementor-spacer\">\n\t\t\t<div class=\"elementor-spacer-inner\"><\/div>\n\t\t<\/div>\n\t\t\t\t\t\t<\/div>\n\t\t\t\t<\/div>\n\t\t\t\t<div class=\"elementor-element elementor-element-8f652ba elementor-widget elementor-widget-text-editor\" data-id=\"8f652ba\" data-element_type=\"widget\" data-e-type=\"widget\" data-widget_type=\"text-editor.default\">\n\t\t\t\t<div class=\"elementor-widget-container\">\n\t\t\t\t\t\t\t\t\tApreciado cliente:\n\nPara nosotros es muy importante contar con su nivel de satisfacci\u00f3n y en nuestra cultura de continua mejora ofrecemos a su disposici\u00f3n este canal digital donde podr\u00e1 registrar sus solicitudes, quejas, reclamos y\/o sugerencias sobre temas de nuestra competencia, tambi\u00e9n ofrecemos otros canales de atenci\u00f3n v\u00eda WhatsApp <a href=\"https:\/\/wa.me\/573178563536\"> (+57) 317 856 3536 <\/a> o llamada telef\u00f3nica a Bogot\u00e1 al <a href=\"tel:+576014322950\">601 432 29 50 <\/a>  donde tambi\u00e9n se recibir\u00e1n sus solicitudes y pronta respuesta. \t\t\t\t\t\t\t\t<\/div>\n\t\t\t\t<\/div>\n\t\t\t\t<div class=\"elementor-element elementor-element-97d71e1 elementor-button-align-stretch elementor-widget elementor-widget-form\" data-id=\"97d71e1\" data-element_type=\"widget\" data-e-type=\"widget\" data-settings=\"{&quot;step_next_label&quot;:&quot;Siguiente&quot;,&quot;step_previous_label&quot;:&quot;Anterior&quot;,&quot;button_width&quot;:&quot;100&quot;,&quot;step_type&quot;:&quot;number_text&quot;,&quot;step_icon_shape&quot;:&quot;circle&quot;}\" data-widget_type=\"form.default\">\n\t\t\t\t<div class=\"elementor-widget-container\">\n\t\t\t\t\t\t\t<form class=\"elementor-form\" method=\"post\" name=\"Nuevo formulario\" aria-label=\"Nuevo formulario\">\n\t\t\t<input type=\"hidden\" name=\"post_id\" value=\"4320\"\/>\n\t\t\t<input type=\"hidden\" name=\"form_id\" value=\"97d71e1\"\/>\n\t\t\t<input type=\"hidden\" name=\"referer_title\" value=\"PQRSF - Electricos internacional\" \/>\n\n\t\t\t\t\t\t\t<input type=\"hidden\" name=\"queried_id\" value=\"4320\"\/>\n\t\t\t\n\t\t\t<div class=\"elementor-form-fields-wrapper elementor-labels-above\">\n\t\t\t\t\t\t\t\t<div class=\"elementor-field-type-text elementor-field-group elementor-column elementor-field-group-name elementor-col-100\">\n\t\t\t\t\t\t\t\t\t\t\t\t<label for=\"form-field-name\" class=\"elementor-field-label\">\n\t\t\t\t\t\t\t\tNombre\t\t\t\t\t\t\t<\/label>\n\t\t\t\t\t\t\t\t\t\t\t\t\t\t<input size=\"1\" type=\"text\" name=\"form_fields[name]\" id=\"form-field-name\" class=\"elementor-field elementor-size-sm  elementor-field-textual\" placeholder=\"Nombre\">\n\t\t\t\t\t\t\t\t\t\t\t<\/div>\n\t\t\t\t\t\t\t\t<div class=\"elementor-field-type-email elementor-field-group elementor-column elementor-field-group-email elementor-col-100 elementor-field-required\">\n\t\t\t\t\t\t\t\t\t\t\t\t<label for=\"form-field-email\" class=\"elementor-field-label\">\n\t\t\t\t\t\t\t\tCorreo electr\u00f3nico\t\t\t\t\t\t\t<\/label>\n\t\t\t\t\t\t\t\t\t\t\t\t\t\t<input size=\"1\" type=\"email\" name=\"form_fields[email]\" id=\"form-field-email\" class=\"elementor-field elementor-size-sm  elementor-field-textual\" placeholder=\"Correo electr\u00f3nico\" required=\"required\">\n\t\t\t\t\t\t\t\t\t\t\t<\/div>\n\t\t\t\t\t\t\t\t<div class=\"elementor-field-type-textarea elementor-field-group elementor-column elementor-field-group-message elementor-col-100\">\n\t\t\t\t\t\t\t\t\t\t\t\t<label for=\"form-field-message\" class=\"elementor-field-label\">\n\t\t\t\t\t\t\t\tMensaje\t\t\t\t\t\t\t<\/label>\n\t\t\t\t\t\t<textarea class=\"elementor-field-textual elementor-field  elementor-size-sm\" name=\"form_fields[message]\" id=\"form-field-message\" rows=\"4\" placeholder=\"Mensaje\"><\/textarea>\t\t\t\t<\/div>\n\t\t\t\t\t\t\t\t<div class=\"elementor-field-type-radio elementor-field-group elementor-column elementor-field-group-field_af78787 elementor-col-100 elementor-field-required\">\n\t\t\t\t\t<div class=\"elementor-field-subgroup  \"><span class=\"elementor-field-option\"><input type=\"radio\" value=\"Autorizo a Electricos Internacional s.a.s para dar tratamiento de mis datos personales registrados en el presente formulario, conforme a la Ley 1581 de 2012 y &lt;a href=&quot;https:\/\/www.electricosinter.com\/politica-de-Privacidad\/&quot;&gt; la pol\u00edtica de privacidad &lt;\/a&gt;, con la finalidad de otorgar una respuesta efectiva a su petici\u00f3n, queja, reclamo, sugerencia y felicitaci\u00f3n, realizar encuestas de satisfacci\u00f3n y percepci\u00f3n sobre la entidad y realizaci\u00f3n de la caracterizaci\u00f3n de usuarios con el objetivo de focalizar estrategias de mejora en la atenci\u00f3n de las solicitudes.\" id=\"form-field-field_af78787-0\" name=\"form_fields[field_af78787]\" required=\"required\"> <label for=\"form-field-field_af78787-0\">Autorizo a Electricos Internacional s.a.s para dar tratamiento de mis datos personales registrados en el presente formulario, conforme a la Ley 1581 de 2012 y <a href=\"https:\/\/www.electricosinter.com\/politica-de-Privacidad\/\"> la pol\u00edtica de privacidad <\/a>, con la finalidad de otorgar una respuesta efectiva a su petici\u00f3n, queja, reclamo, sugerencia y felicitaci\u00f3n, realizar encuestas de satisfacci\u00f3n y percepci\u00f3n sobre la entidad y realizaci\u00f3n de la caracterizaci\u00f3n de usuarios con el objetivo de focalizar estrategias de mejora en la atenci\u00f3n de las solicitudes.<\/label><\/span><\/div>\t\t\t\t<\/div>\n\t\t\t\t\t\t\t\t<div class=\"elementor-field-group elementor-column elementor-field-type-submit elementor-col-100 e-form__buttons\">\n\t\t\t\t\t<button class=\"elementor-button elementor-size-sm\" type=\"submit\">\n\t\t\t\t\t\t<span class=\"elementor-button-content-wrapper\">\n\t\t\t\t\t\t\t\t\t\t\t\t\t\t\t\t\t\t\t\t\t\t<span class=\"elementor-button-text\">Enviar<\/span>\n\t\t\t\t\t\t\t\t\t\t\t\t\t<\/span>\n\t\t\t\t\t<\/button>\n\t\t\t\t<\/div>\n\t\t\t<\/div>\n\t\t<\/form>\n\t\t\t\t\t\t<\/div>\n\t\t\t\t<\/div>\n\t\t\t\t\t<\/div>\n\t\t\t\t<\/div>\n\t\t\t\t<\/div>\n\t\t","protected":false},"excerpt":{"rendered":"<p>Registro PQRSF Apreciado cliente: Para nosotros es muy importante contar con su nivel de satisfacci\u00f3n y en nuestra cultura de continua mejora ofrecemos a su disposici\u00f3n este canal digital donde podr\u00e1 registrar sus solicitudes, quejas, reclamos y\/o sugerencias sobre temas de nuestra competencia, tambi\u00e9n ofrecemos otros canales de atenci\u00f3n v\u00eda WhatsApp (+57) 317 856 3536 [&hellip;]<\/p>\n","protected":false},"author":1,"featured_media":0,"parent":0,"menu_order":0,"comment_status":"closed","ping_status":"closed","template":"elementor_header_footer","meta":{"_uag_custom_page_level_css":"","site-sidebar-layout":"no-sidebar","site-content-layout":"page-builder","ast-site-content-layout":"default","site-content-style":"default","site-sidebar-style":"default","ast-global-header-display":"","ast-banner-title-visibility":"","ast-main-header-display":"","ast-hfb-above-header-display":"","ast-hfb-below-header-display":"","ast-hfb-mobile-header-display":"","site-post-title":"disabled","ast-breadcrumbs-content":"disabled","ast-featured-img":"disabled","footer-sml-layout":"","theme-transparent-header-meta":"enabled","adv-header-id-meta":"","stick-header-meta":"","header-above-stick-meta":"","header-main-stick-meta":"","header-below-stick-meta":"","astra-migrate-meta-layouts":"default","ast-page-background-enabled":"default","ast-page-background-meta":{"desktop":{"background-color":"var(--ast-global-color-4)","background-image":"","background-repeat":"repeat","background-position":"center center","background-size":"auto","background-attachment":"scroll","background-type":"","background-media":"","overlay-type":"","overlay-color":"","overlay-opacity":"","overlay-gradient":""},"tablet":{"background-color":"","background-image":"","background-repeat":"repeat","background-position":"center center","background-size":"auto","background-attachment":"scroll","background-type":"","background-media":"","overlay-type":"","overlay-color":"","overlay-opacity":"","overlay-gradient":""},"mobile":{"background-color":"","background-image":"","background-repeat":"repeat","background-position":"center center","background-size":"auto","background-attachment":"scroll","background-type":"","background-media":"","overlay-type":"","overlay-color":"","overlay-opacity":"","overlay-gradient":""}},"ast-content-background-meta":{"desktop":{"background-color":"var(--ast-global-color-5)","background-image":"","background-repeat":"repeat","background-position":"center center","background-size":"auto","background-attachment":"scroll","background-type":"","background-media":"","overlay-type":"","overlay-color":"","overlay-opacity":"","overlay-gradient":""},"tablet":{"background-color":"var(--ast-global-color-5)","background-image":"","background-repeat":"repeat","background-position":"center center","background-size":"auto","background-attachment":"scroll","background-type":"","background-media":"","overlay-type":"","overlay-color":"","overlay-opacity":"","overlay-gradient":""},"mobile":{"background-color":"var(--ast-global-color-5)","background-image":"","background-repeat":"repeat","background-position":"center center","background-size":"auto","background-attachment":"scroll","background-type":"","background-media":"","overlay-type":"","overlay-color":"","overlay-opacity":"","overlay-gradient":""}},"_joinchat":[],"footnotes":""},"class_list":["post-4320","page","type-page","status-publish","hentry"],"yoast_head":"<!-- This site is optimized with the Yoast SEO Premium plugin v23.9 (Yoast SEO v27.3) - https:\/\/yoast.com\/product\/yoast-seo-premium-wordpress\/ -->\n<title>PQRSF - Electricos internacional<\/title>\n<meta name=\"robots\" content=\"index, follow, max-snippet:-1, max-image-preview:large, max-video-preview:-1\" \/>\n<link rel=\"canonical\" href=\"https:\/\/www.electricosinter.com\/en\/pqrsf\/\" \/>\n<meta property=\"og:locale\" content=\"en_US\" \/>\n<meta property=\"og:type\" content=\"article\" \/>\n<meta property=\"og:title\" content=\"PQRSF\" \/>\n<meta property=\"og:description\" content=\"Registro PQRSF Apreciado cliente: Para nosotros es muy importante contar con su nivel de satisfacci\u00f3n y en nuestra cultura de continua mejora ofrecemos a su disposici\u00f3n este canal digital donde podr\u00e1 registrar sus solicitudes, quejas, reclamos y\/o sugerencias sobre temas de nuestra competencia, tambi\u00e9n ofrecemos otros canales de atenci\u00f3n v\u00eda WhatsApp (+57) 317 856 3536 [&hellip;]\" \/>\n<meta property=\"og:url\" content=\"https:\/\/www.electricosinter.com\/en\/pqrsf\/\" \/>\n<meta property=\"og:site_name\" content=\"Electricos internacional\" \/>\n<meta property=\"article:publisher\" content=\"https:\/\/www.facebook.com\/ElectricosInternacional\" \/>\n<meta property=\"article:modified_time\" content=\"2024-12-12T18:26:44+00:00\" \/>\n<meta name=\"twitter:card\" content=\"summary_large_image\" \/>\n<meta name=\"twitter:label1\" content=\"Est. reading time\" \/>\n\t<meta name=\"twitter:data1\" content=\"1 minute\" \/>\n<script type=\"application\/ld+json\" class=\"yoast-schema-graph\">{\"@context\":\"https:\\\/\\\/schema.org\",\"@graph\":[{\"@type\":\"WebPage\",\"@id\":\"https:\\\/\\\/www.electricosinter.com\\\/pqrsf\\\/\",\"url\":\"https:\\\/\\\/www.electricosinter.com\\\/pqrsf\\\/\",\"name\":\"PQRSF - Electricos internacional\",\"isPartOf\":{\"@id\":\"https:\\\/\\\/www.electricosinter.com\\\/#website\"},\"datePublished\":\"2024-01-18T16:05:51+00:00\",\"dateModified\":\"2024-12-12T18:26:44+00:00\",\"breadcrumb\":{\"@id\":\"https:\\\/\\\/www.electricosinter.com\\\/pqrsf\\\/#breadcrumb\"},\"inLanguage\":\"en-US\",\"potentialAction\":[{\"@type\":\"ReadAction\",\"target\":[\"https:\\\/\\\/www.electricosinter.com\\\/pqrsf\\\/\"]}]},{\"@type\":\"BreadcrumbList\",\"@id\":\"https:\\\/\\\/www.electricosinter.com\\\/pqrsf\\\/#breadcrumb\",\"itemListElement\":[{\"@type\":\"ListItem\",\"position\":1,\"name\":\"Inicio\",\"item\":\"https:\\\/\\\/www.electricosinter.com\\\/\"},{\"@type\":\"ListItem\",\"position\":2,\"name\":\"PQRSF\"}]},{\"@type\":\"WebSite\",\"@id\":\"https:\\\/\\\/www.electricosinter.com\\\/#website\",\"url\":\"https:\\\/\\\/www.electricosinter.com\\\/\",\"name\":\"Electricos internacional sas\",\"description\":\"Electricosinter\",\"publisher\":{\"@id\":\"https:\\\/\\\/www.electricosinter.com\\\/#organization\"},\"potentialAction\":[{\"@type\":\"SearchAction\",\"target\":{\"@type\":\"EntryPoint\",\"urlTemplate\":\"https:\\\/\\\/www.electricosinter.com\\\/?s={search_term_string}\"},\"query-input\":{\"@type\":\"PropertyValueSpecification\",\"valueRequired\":true,\"valueName\":\"search_term_string\"}}],\"inLanguage\":\"en-US\"},{\"@type\":\"Organization\",\"@id\":\"https:\\\/\\\/www.electricosinter.com\\\/#organization\",\"name\":\"Electricos internacional sas\",\"url\":\"https:\\\/\\\/www.electricosinter.com\\\/\",\"logo\":{\"@type\":\"ImageObject\",\"inLanguage\":\"en-US\",\"@id\":\"https:\\\/\\\/www.electricosinter.com\\\/#\\\/schema\\\/logo\\\/image\\\/\",\"url\":\"https:\\\/\\\/www.electricosinter.com\\\/wp-content\\\/uploads\\\/2023\\\/05\\\/logo-zual.png\",\"contentUrl\":\"https:\\\/\\\/www.electricosinter.com\\\/wp-content\\\/uploads\\\/2023\\\/05\\\/logo-zual.png\",\"width\":3927,\"height\":1010,\"caption\":\"Electricos internacional sas\"},\"image\":{\"@id\":\"https:\\\/\\\/www.electricosinter.com\\\/#\\\/schema\\\/logo\\\/image\\\/\"},\"sameAs\":[\"https:\\\/\\\/www.facebook.com\\\/ElectricosInternacional\",\"https:\\\/\\\/www.instagram.com\\\/electricosinter\\\/\"]}]}<\/script>\n<!-- \/ Yoast SEO Premium plugin. -->","yoast_head_json":{"title":"PQRSF - Electricos internacional","robots":{"index":"index","follow":"follow","max-snippet":"max-snippet:-1","max-image-preview":"max-image-preview:large","max-video-preview":"max-video-preview:-1"},"canonical":"https:\/\/www.electricosinter.com\/en\/pqrsf\/","og_locale":"en_US","og_type":"article","og_title":"PQRSF","og_description":"Registro PQRSF Apreciado cliente: Para nosotros es muy importante contar con su nivel de satisfacci\u00f3n y en nuestra cultura de continua mejora ofrecemos a su disposici\u00f3n este canal digital donde podr\u00e1 registrar sus solicitudes, quejas, reclamos y\/o sugerencias sobre temas de nuestra competencia, tambi\u00e9n ofrecemos otros canales de atenci\u00f3n v\u00eda WhatsApp (+57) 317 856 3536 [&hellip;]","og_url":"https:\/\/www.electricosinter.com\/en\/pqrsf\/","og_site_name":"Electricos internacional","article_publisher":"https:\/\/www.facebook.com\/ElectricosInternacional","article_modified_time":"2024-12-12T18:26:44+00:00","twitter_card":"summary_large_image","twitter_misc":{"Est. reading time":"1 minute"},"schema":{"@context":"https:\/\/schema.org","@graph":[{"@type":"WebPage","@id":"https:\/\/www.electricosinter.com\/pqrsf\/","url":"https:\/\/www.electricosinter.com\/pqrsf\/","name":"PQRSF - Electricos internacional","isPartOf":{"@id":"https:\/\/www.electricosinter.com\/#website"},"datePublished":"2024-01-18T16:05:51+00:00","dateModified":"2024-12-12T18:26:44+00:00","breadcrumb":{"@id":"https:\/\/www.electricosinter.com\/pqrsf\/#breadcrumb"},"inLanguage":"en-US","potentialAction":[{"@type":"ReadAction","target":["https:\/\/www.electricosinter.com\/pqrsf\/"]}]},{"@type":"BreadcrumbList","@id":"https:\/\/www.electricosinter.com\/pqrsf\/#breadcrumb","itemListElement":[{"@type":"ListItem","position":1,"name":"Inicio","item":"https:\/\/www.electricosinter.com\/"},{"@type":"ListItem","position":2,"name":"PQRSF"}]},{"@type":"WebSite","@id":"https:\/\/www.electricosinter.com\/#website","url":"https:\/\/www.electricosinter.com\/","name":"Electricos internacional sas","description":"Electricosinter","publisher":{"@id":"https:\/\/www.electricosinter.com\/#organization"},"potentialAction":[{"@type":"SearchAction","target":{"@type":"EntryPoint","urlTemplate":"https:\/\/www.electricosinter.com\/?s={search_term_string}"},"query-input":{"@type":"PropertyValueSpecification","valueRequired":true,"valueName":"search_term_string"}}],"inLanguage":"en-US"},{"@type":"Organization","@id":"https:\/\/www.electricosinter.com\/#organization","name":"Electricos internacional sas","url":"https:\/\/www.electricosinter.com\/","logo":{"@type":"ImageObject","inLanguage":"en-US","@id":"https:\/\/www.electricosinter.com\/#\/schema\/logo\/image\/","url":"https:\/\/www.electricosinter.com\/wp-content\/uploads\/2023\/05\/logo-zual.png","contentUrl":"https:\/\/www.electricosinter.com\/wp-content\/uploads\/2023\/05\/logo-zual.png","width":3927,"height":1010,"caption":"Electricos internacional sas"},"image":{"@id":"https:\/\/www.electricosinter.com\/#\/schema\/logo\/image\/"},"sameAs":["https:\/\/www.facebook.com\/ElectricosInternacional","https:\/\/www.instagram.com\/electricosinter\/"]}]}},"uagb_featured_image_src":{"full":false,"thumbnail":false,"medium":false,"medium_large":false,"large":false,"1536x1536":false,"2048x2048":false,"trp-custom-language-flag":false},"uagb_author_info":{"display_name":"Electricos","author_link":"https:\/\/www.electricosinter.com\/en\/author\/electricos\/"},"uagb_comment_info":0,"uagb_excerpt":"Registro PQRSF Apreciado cliente: Para nosotros es muy importante contar con su nivel de satisfacci\u00f3n y en nuestra cultura de continua mejora ofrecemos a su disposici\u00f3n este canal digital donde podr\u00e1 registrar sus solicitudes, quejas, reclamos y\/o sugerencias sobre temas de nuestra competencia, tambi\u00e9n ofrecemos otros canales de atenci\u00f3n v\u00eda WhatsApp (+57) 317 856 3536&hellip;","_links":{"self":[{"href":"https:\/\/www.electricosinter.com\/en\/wp-json\/wp\/v2\/pages\/4320","targetHints":{"allow":["GET"]}}],"collection":[{"href":"https:\/\/www.electricosinter.com\/en\/wp-json\/wp\/v2\/pages"}],"about":[{"href":"https:\/\/www.electricosinter.com\/en\/wp-json\/wp\/v2\/types\/page"}],"author":[{"embeddable":true,"href":"https:\/\/www.electricosinter.com\/en\/wp-json\/wp\/v2\/users\/1"}],"replies":[{"embeddable":true,"href":"https:\/\/www.electricosinter.com\/en\/wp-json\/wp\/v2\/comments?post=4320"}],"version-history":[{"count":14,"href":"https:\/\/www.electricosinter.com\/en\/wp-json\/wp\/v2\/pages\/4320\/revisions"}],"predecessor-version":[{"id":4375,"href":"https:\/\/www.electricosinter.com\/en\/wp-json\/wp\/v2\/pages\/4320\/revisions\/4375"}],"wp:attachment":[{"href":"https:\/\/www.electricosinter.com\/en\/wp-json\/wp\/v2\/media?parent=4320"}],"curies":[{"name":"wp","href":"https:\/\/api.w.org\/{rel}","templated":true}]}}