{"id":5620,"date":"2024-10-23T12:12:32","date_gmt":"2024-10-23T12:12:32","guid":{"rendered":"https:\/\/www.electricosinter.com\/?page_id=5620"},"modified":"2024-10-23T13:59:17","modified_gmt":"2024-10-23T13:59:17","slug":"resistencia-a-la-traccion","status":"publish","type":"page","link":"https:\/\/www.electricosinter.com\/en\/resistencia-a-la-traccion\/","title":{"rendered":"resistencia a la tracci\u00f3n"},"content":{"rendered":"<div data-elementor-type=\"wp-post\" data-elementor-id=\"5620\" class=\"elementor elementor-5620\" data-elementor-post-type=\"page\">\n\t\t\t\t<div class=\"elementor-element elementor-element-2a23301 e-flex e-con-boxed e-con e-parent\" data-id=\"2a23301\" data-element_type=\"container\" data-e-type=\"container\">\n\t\t\t\t\t<div class=\"e-con-inner\">\n\t\t\t\t<div class=\"elementor-element elementor-element-34e3a404 elementor-widget-mobile__width-inherit elementor-widget elementor-widget-heading\" data-id=\"34e3a404\" data-element_type=\"widget\" data-e-type=\"widget\" data-widget_type=\"heading.default\">\n\t\t\t\t<div class=\"elementor-widget-container\">\n\t\t\t\t\t<h1 class=\"elementor-heading-title elementor-size-default\">TRACTION RESISTANCE <\/h1>\t\t\t\t<\/div>\n\t\t\t\t<\/div>\n\t\t\t\t<div class=\"elementor-element elementor-element-f8ce3be elementor-widget elementor-widget-image\" data-id=\"f8ce3be\" data-element_type=\"widget\" data-e-type=\"widget\" data-widget_type=\"image.default\">\n\t\t\t\t<div class=\"elementor-widget-container\">\n\t\t\t\t\t\t\t\t\t\t\t\t\t\t\t<img fetchpriority=\"high\" decoding=\"async\" width=\"887\" height=\"1024\" src=\"https:\/\/www.electricosinter.com\/wp-content\/uploads\/2024\/10\/CANUELA-1-887x1024.webp\" class=\"attachment-large size-large wp-image-5622\" alt=\"\" srcset=\"https:\/\/www.electricosinter.com\/wp-content\/uploads\/2024\/10\/CANUELA-1-887x1024.webp 887w, https:\/\/www.electricosinter.com\/wp-content\/uploads\/2024\/10\/CANUELA-1-260x300.webp 260w, https:\/\/www.electricosinter.com\/wp-content\/uploads\/2024\/10\/CANUELA-1-768x886.webp 768w, https:\/\/www.electricosinter.com\/wp-content\/uploads\/2024\/10\/CANUELA-1-1331x1536.webp 1331w, https:\/\/www.electricosinter.com\/wp-content\/uploads\/2024\/10\/CANUELA-1-1775x2048.webp 1775w, https:\/\/www.electricosinter.com\/wp-content\/uploads\/2024\/10\/CANUELA-1-10x12.webp 10w, https:\/\/www.electricosinter.com\/wp-content\/uploads\/2024\/10\/CANUELA-1.webp 1902w\" sizes=\"(max-width: 887px) 100vw, 887px\" \/>\t\t\t\t\t\t\t\t\t\t\t\t\t\t\t<\/div>\n\t\t\t\t<\/div>\n\t\t\t\t\t<\/div>\n\t\t\t\t<\/div>\n\t\t<div class=\"elementor-element elementor-element-8575a57 e-flex e-con-boxed e-con e-parent\" data-id=\"8575a57\" data-element_type=\"container\" data-e-type=\"container\">\n\t\t\t\t\t<div class=\"e-con-inner\">\n\t\t\t\t<div class=\"elementor-element elementor-element-b38f194 elementor-widget-mobile__width-inherit elementor-widget elementor-widget-heading\" data-id=\"b38f194\" data-element_type=\"widget\" data-e-type=\"widget\" data-widget_type=\"heading.default\">\n\t\t\t\t<div class=\"elementor-widget-container\">\n\t\t\t\t\t<h2 class=\"elementor-heading-title elementor-size-default\">\u00bf 10 LBS ?<\/h2>\t\t\t\t<\/div>\n\t\t\t\t<\/div>\n\t\t\t\t<div class=\"elementor-element elementor-element-6e19268 elementor-widget elementor-widget-text-editor\" data-id=\"6e19268\" data-element_type=\"widget\" data-e-type=\"widget\" data-widget_type=\"text-editor.default\">\n\t\t\t\t<div class=\"elementor-widget-container\">\n\t\t\t\t\t\t\t\t\t<p>Fuses Type H, K, T, of 1, 2 and 3 amp., are design to resist 14 lbs. of mechanical tension This is 1.4 times the requirement of standard IEEE C37.42-12016 (10 lbs). 6 amp. and higher rating fuses resist up to 20 lb and higher. SR  and VS fuses resist traction of up to 35 lb.<\/p>\t\t\t\t\t\t\t\t<\/div>\n\t\t\t\t<\/div>\n\t\t\t\t\t<\/div>\n\t\t\t\t<\/div>\n\t\t<div class=\"elementor-element elementor-element-ccfd38c e-flex e-con-boxed e-con e-parent\" data-id=\"ccfd38c\" data-element_type=\"container\" data-e-type=\"container\">\n\t\t\t\t\t<div class=\"e-con-inner\">\n\t\t<div class=\"elementor-element elementor-element-30f8bbc e-con-full e-flex e-con e-child\" data-id=\"30f8bbc\" data-element_type=\"container\" data-e-type=\"container\">\n\t\t\t\t<div class=\"elementor-element elementor-element-5ab1474 elementor-widget elementor-widget-heading\" data-id=\"5ab1474\" data-element_type=\"widget\" data-e-type=\"widget\" data-widget_type=\"heading.default\">\n\t\t\t\t<div class=\"elementor-widget-container\">\n\t\t\t\t\t<h2 class=\"elementor-heading-title elementor-size-default\">Learn more about our fuse links<\/h2>\t\t\t\t<\/div>\n\t\t\t\t<\/div>\n\t\t\t\t<div class=\"elementor-element elementor-element-62123a1 elementor-widget elementor-widget-heading\" data-id=\"62123a1\" data-element_type=\"widget\" data-e-type=\"widget\" data-widget_type=\"heading.default\">\n\t\t\t\t<div class=\"elementor-widget-container\">\n\t\t\t\t\t<h5 class=\"elementor-heading-title elementor-size-default\">El\u00e9ctricos Internacional S.A.S., with 40 years of experience in the manufacture and commercialization of products used in electrical distribution, has taken up the work of Dr. Guy Combeau and his wife Blanca de Combeau, becoming the standard bearer for the diffusion, research and improvement of their products. Thanks to the experience acquired and the research carried out in the laboratory, they have realized that there is no guide and reference material that can be used for the proper handling of expulsion fuses.<\/h5>\t\t\t\t<\/div>\n\t\t\t\t<\/div>\n\t\t\t\t<\/div>\n\t\t<div class=\"elementor-element elementor-element-7d006a8 e-con-full e-flex e-con e-child\" data-id=\"7d006a8\" data-element_type=\"container\" data-e-type=\"container\">\n\t\t\t\t<div class=\"elementor-element elementor-element-9a11290 elementor-widget elementor-widget-image\" data-id=\"9a11290\" data-element_type=\"widget\" data-e-type=\"widget\" data-widget_type=\"image.default\">\n\t\t\t\t<div class=\"elementor-widget-container\">\n\t\t\t\t\t\t\t\t\t\t\t\t\t\t\t<img decoding=\"async\" width=\"859\" height=\"1024\" src=\"https:\/\/www.electricosinter.com\/wp-content\/uploads\/2024\/06\/joule-portada-2-859x1024.webp\" class=\"attachment-large size-large wp-image-5147\" alt=\"\" srcset=\"https:\/\/www.electricosinter.com\/wp-content\/uploads\/2024\/06\/joule-portada-2-859x1024.webp 859w, https:\/\/www.electricosinter.com\/wp-content\/uploads\/2024\/06\/joule-portada-2-252x300.webp 252w, https:\/\/www.electricosinter.com\/wp-content\/uploads\/2024\/06\/joule-portada-2-768x915.webp 768w, https:\/\/www.electricosinter.com\/wp-content\/uploads\/2024\/06\/joule-portada-2-1289x1536.webp 1289w, https:\/\/www.electricosinter.com\/wp-content\/uploads\/2024\/06\/joule-portada-2-1718x2048.webp 1718w, https:\/\/www.electricosinter.com\/wp-content\/uploads\/2024\/06\/joule-portada-2-10x12.webp 10w\" sizes=\"(max-width: 859px) 100vw, 859px\" \/>\t\t\t\t\t\t\t\t\t\t\t\t\t\t\t<\/div>\n\t\t\t\t<\/div>\n\t\t\t\t<\/div>\n\t\t\t\t\t<\/div>\n\t\t\t\t<\/div>\n\t\t<div class=\"elementor-element elementor-element-a90e275 e-flex e-con-boxed e-con e-parent\" data-id=\"a90e275\" data-element_type=\"container\" data-e-type=\"container\">\n\t\t\t\t\t<div class=\"e-con-inner\">\n\t\t\t\t<div class=\"elementor-element elementor-element-0d2f41e elementor-widget-mobile__width-inherit elementor-widget elementor-widget-heading\" data-id=\"0d2f41e\" data-element_type=\"widget\" data-e-type=\"widget\" data-widget_type=\"heading.default\">\n\t\t\t\t<div class=\"elementor-widget-container\">\n\t\t\t\t\t<h2 class=\"elementor-heading-title elementor-size-default\">DOWNLOAD OUR FUSE LINK BOOK<\/h2>\t\t\t\t<\/div>\n\t\t\t\t<\/div>\n\t\t\t\t\t<\/div>\n\t\t\t\t<\/div>\n\t\t<div class=\"elementor-element elementor-element-a4dbdca e-flex e-con-boxed e-con e-parent\" data-id=\"a4dbdca\" data-element_type=\"container\" data-e-type=\"container\">\n\t\t\t\t\t<div class=\"e-con-inner\">\n\t\t\t\t\t<\/div>\n\t\t\t\t<\/div>\n\t\t<div class=\"elementor-element elementor-element-8846fe6 e-flex e-con-boxed e-con e-parent\" data-id=\"8846fe6\" data-element_type=\"container\" data-e-type=\"container\" data-settings=\"{&quot;background_background&quot;:&quot;classic&quot;}\">\n\t\t\t\t\t<div class=\"e-con-inner\">\n\t\t<div class=\"elementor-element elementor-element-fd3378e e-con-full e-flex e-con e-child\" data-id=\"fd3378e\" data-element_type=\"container\" data-e-type=\"container\">\n\t\t\t\t<div class=\"elementor-element elementor-element-2ecc911 elementor-align-center elementor-widget elementor-widget-button\" data-id=\"2ecc911\" data-element_type=\"widget\" data-e-type=\"widget\" data-widget_type=\"button.default\">\n\t\t\t\t<div class=\"elementor-widget-container\">\n\t\t\t\t\t\t\t\t\t<div class=\"elementor-button-wrapper\">\n\t\t\t\t\t<a class=\"elementor-button elementor-button-link elementor-size-sm\" href=\"#\">\n\t\t\t\t\t\t<span class=\"elementor-button-content-wrapper\">\n\t\t\t\t\t\t\t\t\t<span class=\"elementor-button-text\">descarga documento en pdf <\/span>\n\t\t\t\t\t<\/span>\n\t\t\t\t\t<\/a>\n\t\t\t\t<\/div>\n\t\t\t\t\t\t\t\t<\/div>\n\t\t\t\t<\/div>\n\t\t\t\t<\/div>\n\t\t<div class=\"elementor-element elementor-element-f161b90 e-con-full e-flex e-con e-child\" data-id=\"f161b90\" data-element_type=\"container\" data-e-type=\"container\">\n\t\t\t\t<div class=\"elementor-element elementor-element-c9cda99 elementor-align-center elementor-widget elementor-widget-button\" data-id=\"c9cda99\" data-element_type=\"widget\" data-e-type=\"widget\" data-widget_type=\"button.default\">\n\t\t\t\t<div class=\"elementor-widget-container\">\n\t\t\t\t\t\t\t\t\t<div class=\"elementor-button-wrapper\">\n\t\t\t\t\t<a class=\"elementor-button elementor-size-sm\" role=\"button\">\n\t\t\t\t\t\t<span class=\"elementor-button-content-wrapper\">\n\t\t\t\t\t\t\t\t\t<span class=\"elementor-button-text\">DOWNLOAD PDF DOCUMENT<\/span>\n\t\t\t\t\t<\/span>\n\t\t\t\t\t<\/a>\n\t\t\t\t<\/div>\n\t\t\t\t\t\t\t\t<\/div>\n\t\t\t\t<\/div>\n\t\t\t\t<\/div>\n\t\t\t\t\t<\/div>\n\t\t\t\t<\/div>\n\t\t\t\t<\/div>","protected":false},"excerpt":{"rendered":"<p>RESISTENCIA A LA TRACCI\u00d3N \u00bf 10 LBS ? Los fusibles tipo H, K, T, de 1, 2 y 3 amperios, est\u00e1n dise\u00f1ados para resistir 14 lbs. de tensi\u00f3n mec\u00e1nica Esto es 1,4 veces el requisito de la norma IEEE C37.42-12016 (10 lbs). Los fusibles de 6 y m\u00e1s amperios resisten hasta 20 lb y m\u00e1s. [&hellip;]<\/p>\n","protected":false},"author":1,"featured_media":0,"parent":0,"menu_order":0,"comment_status":"closed","ping_status":"closed","template":"","meta":{"_uag_custom_page_level_css":"","site-sidebar-layout":"no-sidebar","site-content-layout":"page-builder","ast-site-content-layout":"full-width-container","site-content-style":"default","site-sidebar-style":"default","ast-global-header-display":"","ast-banner-title-visibility":"","ast-main-header-display":"","ast-hfb-above-header-display":"","ast-hfb-below-header-display":"","ast-hfb-mobile-header-display":"","site-post-title":"disabled","ast-breadcrumbs-content":"","ast-featured-img":"disabled","footer-sml-layout":"","theme-transparent-header-meta":"","adv-header-id-meta":"","stick-header-meta":"","header-above-stick-meta":"","header-main-stick-meta":"","header-below-stick-meta":"","astra-migrate-meta-layouts":"default","ast-page-background-enabled":"default","ast-page-background-meta":{"desktop":{"background-color":"var(--ast-global-color-4)","background-image":"","background-repeat":"repeat","background-position":"center center","background-size":"auto","background-attachment":"scroll","background-type":"","background-media":"","overlay-type":"","overlay-color":"","overlay-opacity":"","overlay-gradient":""},"tablet":{"background-color":"","background-image":"","background-repeat":"repeat","background-position":"center center","background-size":"auto","background-attachment":"scroll","background-type":"","background-media":"","overlay-type":"","overlay-color":"","overlay-opacity":"","overlay-gradient":""},"mobile":{"background-color":"","background-image":"","background-repeat":"repeat","background-position":"center center","background-size":"auto","background-attachment":"scroll","background-type":"","background-media":"","overlay-type":"","overlay-color":"","overlay-opacity":"","overlay-gradient":""}},"ast-content-background-meta":{"desktop":{"background-color":"var(--ast-global-color-5)","background-image":"","background-repeat":"repeat","background-position":"center center","background-size":"auto","background-attachment":"scroll","background-type":"","background-media":"","overlay-type":"","overlay-color":"","overlay-opacity":"","overlay-gradient":""},"tablet":{"background-color":"var(--ast-global-color-5)","background-image":"","background-repeat":"repeat","background-position":"center center","background-size":"auto","background-attachment":"scroll","background-type":"","background-media":"","overlay-type":"","overlay-color":"","overlay-opacity":"","overlay-gradient":""},"mobile":{"background-color":"var(--ast-global-color-5)","background-image":"","background-repeat":"repeat","background-position":"center center","background-size":"auto","background-attachment":"scroll","background-type":"","background-media":"","overlay-type":"","overlay-color":"","overlay-opacity":"","overlay-gradient":""}},"_joinchat":[],"footnotes":""},"class_list":["post-5620","page","type-page","status-publish","hentry"],"yoast_head":"<!-- This site is optimized with the Yoast SEO Premium plugin v23.9 (Yoast SEO v27.3) - https:\/\/yoast.com\/product\/yoast-seo-premium-wordpress\/ -->\n<title>resistencia a la tracci\u00f3n - Electricos internacional<\/title>\n<meta name=\"robots\" content=\"index, follow, max-snippet:-1, max-image-preview:large, max-video-preview:-1\" \/>\n<link rel=\"canonical\" href=\"https:\/\/www.electricosinter.com\/en\/resistencia-a-la-traccion\/\" \/>\n<meta property=\"og:locale\" content=\"en_US\" \/>\n<meta property=\"og:type\" content=\"article\" \/>\n<meta property=\"og:title\" content=\"resistencia a la tracci\u00f3n\" \/>\n<meta property=\"og:description\" content=\"RESISTENCIA A LA TRACCI\u00d3N \u00bf 10 LBS ? Los fusibles tipo H, K, T, de 1, 2 y 3 amperios, est\u00e1n dise\u00f1ados para resistir 14 lbs. de tensi\u00f3n mec\u00e1nica Esto es 1,4 veces el requisito de la norma IEEE C37.42-12016 (10 lbs). Los fusibles de 6 y m\u00e1s amperios resisten hasta 20 lb y m\u00e1s. [&hellip;]\" \/>\n<meta property=\"og:url\" content=\"https:\/\/www.electricosinter.com\/en\/resistencia-a-la-traccion\/\" \/>\n<meta property=\"og:site_name\" content=\"Electricos internacional\" \/>\n<meta property=\"article:publisher\" content=\"https:\/\/www.facebook.com\/ElectricosInternacional\" \/>\n<meta property=\"article:modified_time\" content=\"2024-10-23T13:59:17+00:00\" \/>\n<meta property=\"og:image\" content=\"https:\/\/www.electricosinter.com\/wp-content\/uploads\/2024\/10\/CANUELA-1.webp\" \/>\n\t<meta property=\"og:image:width\" content=\"1902\" \/>\n\t<meta property=\"og:image:height\" content=\"2195\" \/>\n\t<meta property=\"og:image:type\" content=\"image\/webp\" \/>\n<meta name=\"twitter:card\" content=\"summary_large_image\" \/>\n<meta name=\"twitter:label1\" content=\"Est. reading time\" \/>\n\t<meta name=\"twitter:data1\" content=\"2 minutes\" \/>\n<script type=\"application\/ld+json\" class=\"yoast-schema-graph\">{\"@context\":\"https:\\\/\\\/schema.org\",\"@graph\":[{\"@type\":\"WebPage\",\"@id\":\"https:\\\/\\\/www.electricosinter.com\\\/resistencia-a-la-traccion\\\/\",\"url\":\"https:\\\/\\\/www.electricosinter.com\\\/resistencia-a-la-traccion\\\/\",\"name\":\"resistencia a la tracci\u00f3n - Electricos internacional\",\"isPartOf\":{\"@id\":\"https:\\\/\\\/www.electricosinter.com\\\/#website\"},\"primaryImageOfPage\":{\"@id\":\"https:\\\/\\\/www.electricosinter.com\\\/resistencia-a-la-traccion\\\/#primaryimage\"},\"image\":{\"@id\":\"https:\\\/\\\/www.electricosinter.com\\\/resistencia-a-la-traccion\\\/#primaryimage\"},\"thumbnailUrl\":\"https:\\\/\\\/www.electricosinter.com\\\/wp-content\\\/uploads\\\/2024\\\/10\\\/CANUELA-1-887x1024.webp\",\"datePublished\":\"2024-10-23T12:12:32+00:00\",\"dateModified\":\"2024-10-23T13:59:17+00:00\",\"breadcrumb\":{\"@id\":\"https:\\\/\\\/www.electricosinter.com\\\/resistencia-a-la-traccion\\\/#breadcrumb\"},\"inLanguage\":\"en-US\",\"potentialAction\":[{\"@type\":\"ReadAction\",\"target\":[\"https:\\\/\\\/www.electricosinter.com\\\/resistencia-a-la-traccion\\\/\"]}]},{\"@type\":\"ImageObject\",\"inLanguage\":\"en-US\",\"@id\":\"https:\\\/\\\/www.electricosinter.com\\\/resistencia-a-la-traccion\\\/#primaryimage\",\"url\":\"https:\\\/\\\/www.electricosinter.com\\\/wp-content\\\/uploads\\\/2024\\\/10\\\/CANUELA-1-887x1024.webp\",\"contentUrl\":\"https:\\\/\\\/www.electricosinter.com\\\/wp-content\\\/uploads\\\/2024\\\/10\\\/CANUELA-1-887x1024.webp\"},{\"@type\":\"BreadcrumbList\",\"@id\":\"https:\\\/\\\/www.electricosinter.com\\\/resistencia-a-la-traccion\\\/#breadcrumb\",\"itemListElement\":[{\"@type\":\"ListItem\",\"position\":1,\"name\":\"Inicio\",\"item\":\"https:\\\/\\\/www.electricosinter.com\\\/\"},{\"@type\":\"ListItem\",\"position\":2,\"name\":\"resistencia a la tracci\u00f3n\"}]},{\"@type\":\"WebSite\",\"@id\":\"https:\\\/\\\/www.electricosinter.com\\\/#website\",\"url\":\"https:\\\/\\\/www.electricosinter.com\\\/\",\"name\":\"Electricos internacional sas\",\"description\":\"Electricosinter\",\"publisher\":{\"@id\":\"https:\\\/\\\/www.electricosinter.com\\\/#organization\"},\"potentialAction\":[{\"@type\":\"SearchAction\",\"target\":{\"@type\":\"EntryPoint\",\"urlTemplate\":\"https:\\\/\\\/www.electricosinter.com\\\/?s={search_term_string}\"},\"query-input\":{\"@type\":\"PropertyValueSpecification\",\"valueRequired\":true,\"valueName\":\"search_term_string\"}}],\"inLanguage\":\"en-US\"},{\"@type\":\"Organization\",\"@id\":\"https:\\\/\\\/www.electricosinter.com\\\/#organization\",\"name\":\"Electricos internacional sas\",\"url\":\"https:\\\/\\\/www.electricosinter.com\\\/\",\"logo\":{\"@type\":\"ImageObject\",\"inLanguage\":\"en-US\",\"@id\":\"https:\\\/\\\/www.electricosinter.com\\\/#\\\/schema\\\/logo\\\/image\\\/\",\"url\":\"https:\\\/\\\/www.electricosinter.com\\\/wp-content\\\/uploads\\\/2023\\\/05\\\/logo-zual.png\",\"contentUrl\":\"https:\\\/\\\/www.electricosinter.com\\\/wp-content\\\/uploads\\\/2023\\\/05\\\/logo-zual.png\",\"width\":3927,\"height\":1010,\"caption\":\"Electricos internacional sas\"},\"image\":{\"@id\":\"https:\\\/\\\/www.electricosinter.com\\\/#\\\/schema\\\/logo\\\/image\\\/\"},\"sameAs\":[\"https:\\\/\\\/www.facebook.com\\\/ElectricosInternacional\",\"https:\\\/\\\/www.instagram.com\\\/electricosinter\\\/\"]}]}<\/script>\n<!-- \/ Yoast SEO Premium plugin. -->","yoast_head_json":{"title":"resistencia a la tracci\u00f3n - Electricos internacional","robots":{"index":"index","follow":"follow","max-snippet":"max-snippet:-1","max-image-preview":"max-image-preview:large","max-video-preview":"max-video-preview:-1"},"canonical":"https:\/\/www.electricosinter.com\/en\/resistencia-a-la-traccion\/","og_locale":"en_US","og_type":"article","og_title":"resistencia a la tracci\u00f3n","og_description":"RESISTENCIA A LA TRACCI\u00d3N \u00bf 10 LBS ? Los fusibles tipo H, K, T, de 1, 2 y 3 amperios, est\u00e1n dise\u00f1ados para resistir 14 lbs. de tensi\u00f3n mec\u00e1nica Esto es 1,4 veces el requisito de la norma IEEE C37.42-12016 (10 lbs). Los fusibles de 6 y m\u00e1s amperios resisten hasta 20 lb y m\u00e1s. [&hellip;]","og_url":"https:\/\/www.electricosinter.com\/en\/resistencia-a-la-traccion\/","og_site_name":"Electricos internacional","article_publisher":"https:\/\/www.facebook.com\/ElectricosInternacional","article_modified_time":"2024-10-23T13:59:17+00:00","og_image":[{"width":1902,"height":2195,"url":"https:\/\/www.electricosinter.com\/wp-content\/uploads\/2024\/10\/CANUELA-1.webp","type":"image\/webp"}],"twitter_card":"summary_large_image","twitter_misc":{"Est. reading time":"2 minutes"},"schema":{"@context":"https:\/\/schema.org","@graph":[{"@type":"WebPage","@id":"https:\/\/www.electricosinter.com\/resistencia-a-la-traccion\/","url":"https:\/\/www.electricosinter.com\/resistencia-a-la-traccion\/","name":"resistencia a la tracci\u00f3n - Electricos internacional","isPartOf":{"@id":"https:\/\/www.electricosinter.com\/#website"},"primaryImageOfPage":{"@id":"https:\/\/www.electricosinter.com\/resistencia-a-la-traccion\/#primaryimage"},"image":{"@id":"https:\/\/www.electricosinter.com\/resistencia-a-la-traccion\/#primaryimage"},"thumbnailUrl":"https:\/\/www.electricosinter.com\/wp-content\/uploads\/2024\/10\/CANUELA-1-887x1024.webp","datePublished":"2024-10-23T12:12:32+00:00","dateModified":"2024-10-23T13:59:17+00:00","breadcrumb":{"@id":"https:\/\/www.electricosinter.com\/resistencia-a-la-traccion\/#breadcrumb"},"inLanguage":"en-US","potentialAction":[{"@type":"ReadAction","target":["https:\/\/www.electricosinter.com\/resistencia-a-la-traccion\/"]}]},{"@type":"ImageObject","inLanguage":"en-US","@id":"https:\/\/www.electricosinter.com\/resistencia-a-la-traccion\/#primaryimage","url":"https:\/\/www.electricosinter.com\/wp-content\/uploads\/2024\/10\/CANUELA-1-887x1024.webp","contentUrl":"https:\/\/www.electricosinter.com\/wp-content\/uploads\/2024\/10\/CANUELA-1-887x1024.webp"},{"@type":"BreadcrumbList","@id":"https:\/\/www.electricosinter.com\/resistencia-a-la-traccion\/#breadcrumb","itemListElement":[{"@type":"ListItem","position":1,"name":"Inicio","item":"https:\/\/www.electricosinter.com\/"},{"@type":"ListItem","position":2,"name":"resistencia a la tracci\u00f3n"}]},{"@type":"WebSite","@id":"https:\/\/www.electricosinter.com\/#website","url":"https:\/\/www.electricosinter.com\/","name":"Electricos internacional sas","description":"Electricosinter","publisher":{"@id":"https:\/\/www.electricosinter.com\/#organization"},"potentialAction":[{"@type":"SearchAction","target":{"@type":"EntryPoint","urlTemplate":"https:\/\/www.electricosinter.com\/?s={search_term_string}"},"query-input":{"@type":"PropertyValueSpecification","valueRequired":true,"valueName":"search_term_string"}}],"inLanguage":"en-US"},{"@type":"Organization","@id":"https:\/\/www.electricosinter.com\/#organization","name":"Electricos internacional sas","url":"https:\/\/www.electricosinter.com\/","logo":{"@type":"ImageObject","inLanguage":"en-US","@id":"https:\/\/www.electricosinter.com\/#\/schema\/logo\/image\/","url":"https:\/\/www.electricosinter.com\/wp-content\/uploads\/2023\/05\/logo-zual.png","contentUrl":"https:\/\/www.electricosinter.com\/wp-content\/uploads\/2023\/05\/logo-zual.png","width":3927,"height":1010,"caption":"Electricos internacional sas"},"image":{"@id":"https:\/\/www.electricosinter.com\/#\/schema\/logo\/image\/"},"sameAs":["https:\/\/www.facebook.com\/ElectricosInternacional","https:\/\/www.instagram.com\/electricosinter\/"]}]}},"uagb_featured_image_src":{"full":false,"thumbnail":false,"medium":false,"medium_large":false,"large":false,"1536x1536":false,"2048x2048":false,"trp-custom-language-flag":false},"uagb_author_info":{"display_name":"Electricos","author_link":"https:\/\/www.electricosinter.com\/en\/author\/electricos\/"},"uagb_comment_info":0,"uagb_excerpt":"RESISTENCIA A LA TRACCI\u00d3N \u00bf 10 LBS ? Los fusibles tipo H, K, T, de 1, 2 y 3 amperios, est\u00e1n dise\u00f1ados para resistir 14 lbs. de tensi\u00f3n mec\u00e1nica Esto es 1,4 veces el requisito de la norma IEEE C37.42-12016 (10 lbs). Los fusibles de 6 y m\u00e1s amperios resisten hasta 20 lb y m\u00e1s.&hellip;","_links":{"self":[{"href":"https:\/\/www.electricosinter.com\/en\/wp-json\/wp\/v2\/pages\/5620","targetHints":{"allow":["GET"]}}],"collection":[{"href":"https:\/\/www.electricosinter.com\/en\/wp-json\/wp\/v2\/pages"}],"about":[{"href":"https:\/\/www.electricosinter.com\/en\/wp-json\/wp\/v2\/types\/page"}],"author":[{"embeddable":true,"href":"https:\/\/www.electricosinter.com\/en\/wp-json\/wp\/v2\/users\/1"}],"replies":[{"embeddable":true,"href":"https:\/\/www.electricosinter.com\/en\/wp-json\/wp\/v2\/comments?post=5620"}],"version-history":[{"count":13,"href":"https:\/\/www.electricosinter.com\/en\/wp-json\/wp\/v2\/pages\/5620\/revisions"}],"predecessor-version":[{"id":5684,"href":"https:\/\/www.electricosinter.com\/en\/wp-json\/wp\/v2\/pages\/5620\/revisions\/5684"}],"wp:attachment":[{"href":"https:\/\/www.electricosinter.com\/en\/wp-json\/wp\/v2\/media?parent=5620"}],"curies":[{"name":"wp","href":"https:\/\/api.w.org\/{rel}","templated":true}]}}